{"id":4184,"date":"2024-07-01T11:29:24","date_gmt":"2024-07-01T11:29:24","guid":{"rendered":"https:\/\/idetic-desa.ulpgc.es\/?page_id=4184"},"modified":"2024-07-19T11:36:20","modified_gmt":"2024-07-19T11:36:20","slug":"politica-de-privacidad","status":"publish","type":"page","link":"https:\/\/idetic.ulpgc.es\/en\/politica-de-privacidad\/","title":{"rendered":"Pol\u00edtica de privacidad"},"content":{"rendered":"<div data-elementor-type=\"wp-post\" data-elementor-id=\"4184\" class=\"elementor elementor-4184\">\n\t\t\t\t\t\t<section class=\"elementor-section elementor-top-section elementor-element elementor-element-3fafb44 elementor-section-boxed elementor-section-height-default elementor-section-height-default\" data-id=\"3fafb44\" data-element_type=\"section\">\n\t\t\t\t\t\t<div class=\"elementor-container elementor-column-gap-default\">\n\t\t\t\t\t<div class=\"elementor-column elementor-col-100 elementor-top-column elementor-element elementor-element-33a9ed1\" data-id=\"33a9ed1\" data-element_type=\"column\">\n\t\t\t<div class=\"elementor-widget-wrap elementor-element-populated\">\n\t\t\t\t\t\t<div class=\"elementor-element elementor-element-46052c0 color_azul elementor-widget elementor-widget-heading\" data-id=\"46052c0\" data-element_type=\"widget\" data-widget_type=\"heading.default\">\n\t\t\t\t<div class=\"elementor-widget-container\">\n\t\t\t<style>\/*! elementor - v3.21.0 - 26-05-2024 *\/\n.elementor-heading-title{padding:0;margin:0;line-height:1}.elementor-widget-heading .elementor-heading-title[class*=elementor-size-]>a{color:inherit;font-size:inherit;line-height:inherit}.elementor-widget-heading .elementor-heading-title.elementor-size-small{font-size:15px}.elementor-widget-heading .elementor-heading-title.elementor-size-medium{font-size:19px}.elementor-widget-heading .elementor-heading-title.elementor-size-large{font-size:29px}.elementor-widget-heading .elementor-heading-title.elementor-size-xl{font-size:39px}.elementor-widget-heading .elementor-heading-title.elementor-size-xxl{font-size:59px}<\/style><h2 class=\"elementor-heading-title elementor-size-default\">Tratamiento de datos de car\u00e1cter personal<\/h2>\t\t<\/div>\n\t\t\t\t<\/div>\n\t\t\t\t<div class=\"elementor-element elementor-element-bc38884 color_azul elementor-widget elementor-widget-heading\" data-id=\"bc38884\" data-element_type=\"widget\" data-widget_type=\"heading.default\">\n\t\t\t\t<div class=\"elementor-widget-container\">\n\t\t\t<h2 class=\"elementor-heading-title elementor-size-default\">Responsable del tratamiento<\/h2>\t\t<\/div>\n\t\t\t\t<\/div>\n\t\t\t\t<div class=\"elementor-element elementor-element-a1f7b1b elementor-widget elementor-widget-text-editor\" data-id=\"a1f7b1b\" data-element_type=\"widget\" data-widget_type=\"text-editor.default\">\n\t\t\t\t<div class=\"elementor-widget-container\">\n\t\t\t<style>\/*! elementor - v3.21.0 - 26-05-2024 *\/\n.elementor-widget-text-editor.elementor-drop-cap-view-stacked .elementor-drop-cap{background-color:#69727d;color:#fff}.elementor-widget-text-editor.elementor-drop-cap-view-framed .elementor-drop-cap{color:#69727d;border:3px solid;background-color:transparent}.elementor-widget-text-editor:not(.elementor-drop-cap-view-default) .elementor-drop-cap{margin-top:8px}.elementor-widget-text-editor:not(.elementor-drop-cap-view-default) .elementor-drop-cap-letter{width:1em;height:1em}.elementor-widget-text-editor .elementor-drop-cap{float:left;text-align:center;line-height:1;font-size:50px}.elementor-widget-text-editor .elementor-drop-cap-letter{display:inline-block}<\/style>\t\t\t\t<div id=\"block-system-main\" class=\"block block-system\"><div class=\"content node-page\"><div class=\"field field-name-body field-type-text-with-summary field-label-hidden\"><div class=\"field-items\"><div class=\"field-item even\"><p>Universidad de Las Palmas de Gran Canaria<\/p><p>CIF Q3518001G<\/p><p>Calle Juan de Quesada, 30<br \/>35001 Las Palmas de Gran Canaria<br \/>Las Palmas \u00b7 Espa\u00f1a<\/p><p>Web institucional:\u00a0<a href=\"http:\/\/www.ulpgc.es\/\">www.ulpgc.es<\/a><br \/>Contacto administrativo:\u00a0<a href=\"mailto:organizacion@ulpgc.es\">organizacion@ulpgc.es<\/a><\/p><\/div><\/div><\/div><\/div><\/div>\t\t\t\t\t\t<\/div>\n\t\t\t\t<\/div>\n\t\t\t\t\t<\/div>\n\t\t<\/div>\n\t\t\t\t\t<\/div>\n\t\t<\/section>\n\t\t\t\t<section class=\"elementor-section elementor-top-section elementor-element elementor-element-64baeaa elementor-section-boxed elementor-section-height-default elementor-section-height-default\" data-id=\"64baeaa\" data-element_type=\"section\">\n\t\t\t\t\t\t<div class=\"elementor-container elementor-column-gap-default\">\n\t\t\t\t\t<div class=\"elementor-column elementor-col-100 elementor-top-column elementor-element elementor-element-8c9c816\" data-id=\"8c9c816\" data-element_type=\"column\">\n\t\t\t<div class=\"elementor-widget-wrap elementor-element-populated\">\n\t\t\t\t\t\t<div class=\"elementor-element elementor-element-5bd70b9 color_azul elementor-widget elementor-widget-heading\" data-id=\"5bd70b9\" data-element_type=\"widget\" data-widget_type=\"heading.default\">\n\t\t\t\t<div class=\"elementor-widget-container\">\n\t\t\t<h2 class=\"elementor-heading-title elementor-size-default\">Delegada de protecci\u00f3n de datos<\/h2>\t\t<\/div>\n\t\t\t\t<\/div>\n\t\t\t\t<div class=\"elementor-element elementor-element-d3a0a45 elementor-widget elementor-widget-text-editor\" data-id=\"d3a0a45\" data-element_type=\"widget\" data-widget_type=\"text-editor.default\">\n\t\t\t\t<div class=\"elementor-widget-container\">\n\t\t\t\t\t\t\t<p>El\u00a0art\u00edculo\u00a037.5 del Reglamento (UE) 2016\/679 en relaci\u00f3n con el art. 35 de la Ley Org\u00e1nica 3\/2018, de 5 de diciembre, de Protecci\u00f3n de Datos Personales y garant\u00eda de los derechos digitales, prev\u00e9 que el Delegado de Protecci\u00f3n de Datos Personales pueda formar parte de la plantilla del responsible o del encargado del tratamiento, o desempe\u00f1ar sus funciones en el marco de un contrato de servicios.<\/p><p>Actualmente, la Universidad de Las Palmas de Gran Canaria tiene externalizado el servicio con la empresa especialista en protecci\u00f3n de datos, AIXA CORPORE S.L., CIF B38741625, C\/ El Cristo, 30A, (38108) Las Torres de Taco &#8211; Los Majuelos \u2013 San Crist\u00f3bal de La Laguna, Santa Cruz de Tenerife; 922 625 942. Delegada de protecci\u00f3n de datos: D\u00aa. Noem\u00ed Rey Y\u00e9benes.<\/p>\t\t\t\t\t\t<\/div>\n\t\t\t\t<\/div>\n\t\t\t\t\t<\/div>\n\t\t<\/div>\n\t\t\t\t\t<\/div>\n\t\t<\/section>\n\t\t\t\t<section class=\"elementor-section elementor-top-section elementor-element elementor-element-11a5432 elementor-section-boxed elementor-section-height-default elementor-section-height-default\" data-id=\"11a5432\" data-element_type=\"section\">\n\t\t\t\t\t\t<div class=\"elementor-container elementor-column-gap-default\">\n\t\t\t\t\t<div class=\"elementor-column elementor-col-100 elementor-top-column elementor-element elementor-element-38e9f48\" data-id=\"38e9f48\" data-element_type=\"column\">\n\t\t\t<div class=\"elementor-widget-wrap elementor-element-populated\">\n\t\t\t\t\t\t<div class=\"elementor-element elementor-element-d1a5c96 color_azul elementor-widget elementor-widget-heading\" data-id=\"d1a5c96\" data-element_type=\"widget\" data-widget_type=\"heading.default\">\n\t\t\t\t<div class=\"elementor-widget-container\">\n\t\t\t<h2 class=\"elementor-heading-title elementor-size-default\">Condiciones del tratamiento<\/h2>\t\t<\/div>\n\t\t\t\t<\/div>\n\t\t\t\t<div class=\"elementor-element elementor-element-5a64fda elementor-widget elementor-widget-text-editor\" data-id=\"5a64fda\" data-element_type=\"widget\" data-widget_type=\"text-editor.default\">\n\t\t\t\t<div class=\"elementor-widget-container\">\n\t\t\t\t\t\t\t<p>\u00a0<\/p><ul><li>Lea las\u00a0<a href=\"https:\/\/www.avisosprotecciondedatos.es\/avisos\/aixa3291pd02288190603\/\">condiciones del tratamiento de datos personales<\/a>\u00a0de la ULPGC.<\/li><li>Puede contactar con la Delegada de Protecci\u00f3n de Datos en esta direcci\u00f3n:\u00a0<a href=\"http:\/\/mailto:dpd@ulpgc.es\/\">dpd@ulpgc.es<\/a><\/li><\/ul>\t\t\t\t\t\t<\/div>\n\t\t\t\t<\/div>\n\t\t\t\t\t<\/div>\n\t\t<\/div>\n\t\t\t\t\t<\/div>\n\t\t<\/section>\n\t\t\t\t<section class=\"elementor-section elementor-top-section elementor-element elementor-element-3966990 elementor-section-boxed elementor-section-height-default elementor-section-height-default\" data-id=\"3966990\" data-element_type=\"section\">\n\t\t\t\t\t\t<div class=\"elementor-container elementor-column-gap-default\">\n\t\t\t\t\t<div class=\"elementor-column elementor-col-100 elementor-top-column elementor-element elementor-element-f9fe1ab\" data-id=\"f9fe1ab\" data-element_type=\"column\">\n\t\t\t<div class=\"elementor-widget-wrap elementor-element-populated\">\n\t\t\t\t\t\t<div class=\"elementor-element elementor-element-f490285 elementor-widget elementor-widget-spacer\" data-id=\"f490285\" data-element_type=\"widget\" data-widget_type=\"spacer.default\">\n\t\t\t\t<div class=\"elementor-widget-container\">\n\t\t\t<style>\/*! elementor - v3.21.0 - 26-05-2024 *\/\n.elementor-column .elementor-spacer-inner{height:var(--spacer-size)}.e-con{--container-widget-width:100%}.e-con-inner>.elementor-widget-spacer,.e-con>.elementor-widget-spacer{width:var(--container-widget-width,var(--spacer-size));--align-self:var(--container-widget-align-self,initial);--flex-shrink:0}.e-con-inner>.elementor-widget-spacer>.elementor-widget-container,.e-con>.elementor-widget-spacer>.elementor-widget-container{height:100%;width:100%}.e-con-inner>.elementor-widget-spacer>.elementor-widget-container>.elementor-spacer,.e-con>.elementor-widget-spacer>.elementor-widget-container>.elementor-spacer{height:100%}.e-con-inner>.elementor-widget-spacer>.elementor-widget-container>.elementor-spacer>.elementor-spacer-inner,.e-con>.elementor-widget-spacer>.elementor-widget-container>.elementor-spacer>.elementor-spacer-inner{height:var(--container-widget-height,var(--spacer-size))}.e-con-inner>.elementor-widget-spacer.elementor-widget-empty,.e-con>.elementor-widget-spacer.elementor-widget-empty{position:relative;min-height:22px;min-width:22px}.e-con-inner>.elementor-widget-spacer.elementor-widget-empty .elementor-widget-empty-icon,.e-con>.elementor-widget-spacer.elementor-widget-empty .elementor-widget-empty-icon{position:absolute;top:0;bottom:0;left:0;right:0;margin:auto;padding:0;width:22px;height:22px}<\/style>\t\t<div class=\"elementor-spacer\">\n\t\t\t<div class=\"elementor-spacer-inner\"><\/div>\n\t\t<\/div>\n\t\t\t\t<\/div>\n\t\t\t\t<\/div>\n\t\t\t\t\t<\/div>\n\t\t<\/div>\n\t\t\t\t\t<\/div>\n\t\t<\/section>\n\t\t\t\t<\/div>","protected":false},"excerpt":{"rendered":"<p>Tratamiento de datos de car\u00e1cter personal Responsable del tratamiento Universidad de Las Palmas de Gran Canaria CIF Q3518001G Calle Juan de Quesada, 3035001 Las Palmas de Gran CanariaLas Palmas \u00b7 Espa\u00f1a Web institucional:\u00a0www.ulpgc.esContacto administrativo:\u00a0organizacion@ulpgc.es Delegada de protecci\u00f3n de datos El\u00a0art\u00edculo\u00a037.5 del Reglamento (UE) 2016\/679 en relaci\u00f3n con el art. 35 de la Ley Org\u00e1nica 3\/2018,&hellip;<\/p>","protected":false},"author":2,"featured_media":0,"parent":0,"menu_order":0,"comment_status":"closed","ping_status":"closed","template":"","meta":{"footnotes":""},"yoast_head":"<!-- This site is optimized with the Yoast SEO plugin v22.8 - https:\/\/yoast.com\/wordpress\/plugins\/seo\/ -->\n<title>ULPGC &#8226; IDeTIC &#8226; Pol\u00edtica de privacidad<\/title>\n<meta name=\"robots\" content=\"index, follow, max-snippet:-1, max-image-preview:large, max-video-preview:-1\" \/>\n<link rel=\"canonical\" href=\"https:\/\/idetic.ulpgc.es\/en\/politica-de-privacidad\/\" \/>\n<meta property=\"og:locale\" content=\"en_GB\" \/>\n<meta property=\"og:type\" content=\"article\" \/>\n<meta property=\"og:title\" content=\"ULPGC &#8226; IDeTIC &#8226; Pol\u00edtica de privacidad\" \/>\n<meta property=\"og:description\" content=\"Tratamiento de datos de car\u00e1cter personal Responsable del tratamiento Universidad de Las Palmas de Gran Canaria CIF Q3518001G Calle Juan de Quesada, 3035001 Las Palmas de Gran CanariaLas Palmas \u00b7 Espa\u00f1a Web institucional:\u00a0www.ulpgc.esContacto administrativo:\u00a0organizacion@ulpgc.es Delegada de protecci\u00f3n de datos El\u00a0art\u00edculo\u00a037.5 del Reglamento (UE) 2016\/679 en relaci\u00f3n con el art. 35 de la Ley Org\u00e1nica 3\/2018,&hellip;\" \/>\n<meta property=\"og:url\" content=\"https:\/\/idetic.ulpgc.es\/en\/politica-de-privacidad\/\" \/>\n<meta property=\"og:site_name\" content=\"IDeTIC\" \/>\n<meta property=\"article:publisher\" content=\"https:\/\/www.facebook.com\/people\/Idetic-Online\/100095266206729\/?locale=es_ES\" \/>\n<meta property=\"article:modified_time\" content=\"2024-07-19T11:36:20+00:00\" \/>\n<meta name=\"twitter:card\" content=\"summary_large_image\" \/>\n<meta name=\"twitter:label1\" content=\"Estimated reading time\" \/>\n\t<meta name=\"twitter:data1\" content=\"1 minute\" \/>\n<script type=\"application\/ld+json\" class=\"yoast-schema-graph\">{\"@context\":\"https:\/\/schema.org\",\"@graph\":[{\"@type\":\"WebPage\",\"@id\":\"https:\/\/idetic.ulpgc.es\/politica-de-privacidad\/\",\"url\":\"https:\/\/idetic.ulpgc.es\/politica-de-privacidad\/\",\"name\":\"ULPGC &#8226; IDeTIC &#8226; Pol\u00edtica de privacidad\",\"isPartOf\":{\"@id\":\"https:\/\/idetic.ulpgc.es\/#website\"},\"datePublished\":\"2024-07-01T11:29:24+00:00\",\"dateModified\":\"2024-07-19T11:36:20+00:00\",\"breadcrumb\":{\"@id\":\"https:\/\/idetic.ulpgc.es\/politica-de-privacidad\/#breadcrumb\"},\"inLanguage\":\"en-GB\",\"potentialAction\":[{\"@type\":\"ReadAction\",\"target\":[\"https:\/\/idetic.ulpgc.es\/politica-de-privacidad\/\"]}]},{\"@type\":\"BreadcrumbList\",\"@id\":\"https:\/\/idetic.ulpgc.es\/politica-de-privacidad\/#breadcrumb\",\"itemListElement\":[{\"@type\":\"ListItem\",\"position\":1,\"name\":\"Portada\",\"item\":\"https:\/\/idetic.ulpgc.es\/\"},{\"@type\":\"ListItem\",\"position\":2,\"name\":\"Pol\u00edtica de privacidad\"}]},{\"@type\":\"WebSite\",\"@id\":\"https:\/\/idetic.ulpgc.es\/#website\",\"url\":\"https:\/\/idetic.ulpgc.es\/\",\"name\":\"IDeTIC\",\"description\":\"Instituto para el Desarrollo Tecnol\u00f3gico y la Innovaci\u00f3n en Comunicaciones ULPGC\",\"publisher\":{\"@id\":\"https:\/\/idetic.ulpgc.es\/#organization\"},\"potentialAction\":[{\"@type\":\"SearchAction\",\"target\":{\"@type\":\"EntryPoint\",\"urlTemplate\":\"https:\/\/idetic.ulpgc.es\/?s={search_term_string}\"},\"query-input\":\"required name=search_term_string\"}],\"inLanguage\":\"en-GB\"},{\"@type\":\"Organization\",\"@id\":\"https:\/\/idetic.ulpgc.es\/#organization\",\"name\":\"IDeTIC\",\"url\":\"https:\/\/idetic.ulpgc.es\/\",\"logo\":{\"@type\":\"ImageObject\",\"inLanguage\":\"en-GB\",\"@id\":\"https:\/\/idetic.ulpgc.es\/#\/schema\/logo\/image\/\",\"url\":\"https:\/\/idetic.ulpgc.es\/wp-content\/uploads\/2022\/02\/idetic_rev_hmr_acron_1.svg\",\"contentUrl\":\"https:\/\/idetic.ulpgc.es\/wp-content\/uploads\/2022\/02\/idetic_rev_hmr_acron_1.svg\",\"width\":410,\"height\":81,\"caption\":\"IDeTIC\"},\"image\":{\"@id\":\"https:\/\/idetic.ulpgc.es\/#\/schema\/logo\/image\/\"},\"sameAs\":[\"https:\/\/www.facebook.com\/people\/Idetic-Online\/100095266206729\/?locale=es_ES\"]}]}<\/script>\n<!-- \/ Yoast SEO plugin. -->","yoast_head_json":{"title":"ULPGC &#8226; IDeTIC &#8226; Pol\u00edtica de privacidad","robots":{"index":"index","follow":"follow","max-snippet":"max-snippet:-1","max-image-preview":"max-image-preview:large","max-video-preview":"max-video-preview:-1"},"canonical":"https:\/\/idetic.ulpgc.es\/en\/politica-de-privacidad\/","og_locale":"en_GB","og_type":"article","og_title":"ULPGC &#8226; IDeTIC &#8226; Pol\u00edtica de privacidad","og_description":"Tratamiento de datos de car\u00e1cter personal Responsable del tratamiento Universidad de Las Palmas de Gran Canaria CIF Q3518001G Calle Juan de Quesada, 3035001 Las Palmas de Gran CanariaLas Palmas \u00b7 Espa\u00f1a Web institucional:\u00a0www.ulpgc.esContacto administrativo:\u00a0organizacion@ulpgc.es Delegada de protecci\u00f3n de datos El\u00a0art\u00edculo\u00a037.5 del Reglamento (UE) 2016\/679 en relaci\u00f3n con el art. 35 de la Ley Org\u00e1nica 3\/2018,&hellip;","og_url":"https:\/\/idetic.ulpgc.es\/en\/politica-de-privacidad\/","og_site_name":"IDeTIC","article_publisher":"https:\/\/www.facebook.com\/people\/Idetic-Online\/100095266206729\/?locale=es_ES","article_modified_time":"2024-07-19T11:36:20+00:00","twitter_card":"summary_large_image","twitter_misc":{"Estimated reading time":"1 minute"},"schema":{"@context":"https:\/\/schema.org","@graph":[{"@type":"WebPage","@id":"https:\/\/idetic.ulpgc.es\/politica-de-privacidad\/","url":"https:\/\/idetic.ulpgc.es\/politica-de-privacidad\/","name":"ULPGC &#8226; IDeTIC &#8226; Pol\u00edtica de privacidad","isPartOf":{"@id":"https:\/\/idetic.ulpgc.es\/#website"},"datePublished":"2024-07-01T11:29:24+00:00","dateModified":"2024-07-19T11:36:20+00:00","breadcrumb":{"@id":"https:\/\/idetic.ulpgc.es\/politica-de-privacidad\/#breadcrumb"},"inLanguage":"en-GB","potentialAction":[{"@type":"ReadAction","target":["https:\/\/idetic.ulpgc.es\/politica-de-privacidad\/"]}]},{"@type":"BreadcrumbList","@id":"https:\/\/idetic.ulpgc.es\/politica-de-privacidad\/#breadcrumb","itemListElement":[{"@type":"ListItem","position":1,"name":"Portada","item":"https:\/\/idetic.ulpgc.es\/"},{"@type":"ListItem","position":2,"name":"Pol\u00edtica de privacidad"}]},{"@type":"WebSite","@id":"https:\/\/idetic.ulpgc.es\/#website","url":"https:\/\/idetic.ulpgc.es\/","name":"IDeTIC","description":"Instituto para el Desarrollo Tecnol\u00f3gico y la Innovaci\u00f3n en Comunicaciones ULPGC","publisher":{"@id":"https:\/\/idetic.ulpgc.es\/#organization"},"potentialAction":[{"@type":"SearchAction","target":{"@type":"EntryPoint","urlTemplate":"https:\/\/idetic.ulpgc.es\/?s={search_term_string}"},"query-input":"required name=search_term_string"}],"inLanguage":"en-GB"},{"@type":"Organization","@id":"https:\/\/idetic.ulpgc.es\/#organization","name":"IDeTIC","url":"https:\/\/idetic.ulpgc.es\/","logo":{"@type":"ImageObject","inLanguage":"en-GB","@id":"https:\/\/idetic.ulpgc.es\/#\/schema\/logo\/image\/","url":"https:\/\/idetic.ulpgc.es\/wp-content\/uploads\/2022\/02\/idetic_rev_hmr_acron_1.svg","contentUrl":"https:\/\/idetic.ulpgc.es\/wp-content\/uploads\/2022\/02\/idetic_rev_hmr_acron_1.svg","width":410,"height":81,"caption":"IDeTIC"},"image":{"@id":"https:\/\/idetic.ulpgc.es\/#\/schema\/logo\/image\/"},"sameAs":["https:\/\/www.facebook.com\/people\/Idetic-Online\/100095266206729\/?locale=es_ES"]}]}},"_links":{"self":[{"href":"https:\/\/idetic.ulpgc.es\/en\/wp-json\/wp\/v2\/pages\/4184"}],"collection":[{"href":"https:\/\/idetic.ulpgc.es\/en\/wp-json\/wp\/v2\/pages"}],"about":[{"href":"https:\/\/idetic.ulpgc.es\/en\/wp-json\/wp\/v2\/types\/page"}],"author":[{"embeddable":true,"href":"https:\/\/idetic.ulpgc.es\/en\/wp-json\/wp\/v2\/users\/2"}],"replies":[{"embeddable":true,"href":"https:\/\/idetic.ulpgc.es\/en\/wp-json\/wp\/v2\/comments?post=4184"}],"version-history":[{"count":10,"href":"https:\/\/idetic.ulpgc.es\/en\/wp-json\/wp\/v2\/pages\/4184\/revisions"}],"predecessor-version":[{"id":4317,"href":"https:\/\/idetic.ulpgc.es\/en\/wp-json\/wp\/v2\/pages\/4184\/revisions\/4317"}],"wp:attachment":[{"href":"https:\/\/idetic.ulpgc.es\/en\/wp-json\/wp\/v2\/media?parent=4184"}],"curies":[{"name":"wp","href":"https:\/\/api.w.org\/{rel}","templated":true}]}}