{"id":3233,"date":"2023-06-21T07:53:16","date_gmt":"2023-06-21T07:53:16","guid":{"rendered":"https:\/\/idetic-desa.ulpgc.es\/?page_id=3233"},"modified":"2024-07-31T08:16:08","modified_gmt":"2024-07-31T08:16:08","slug":"division-de-procesado-digital-de-senales-dpds","status":"publish","type":"page","link":"https:\/\/idetic.ulpgc.es\/en\/investigacion\/division-de-procesado-digital-de-senales-dpds\/","title":{"rendered":"Divisi\u00f3n de Procesado Digital de Se\u00f1ales (DPDS)"},"content":{"rendered":"<div data-elementor-type=\"wp-page\" data-elementor-id=\"3233\" class=\"elementor elementor-3233\">\n\t\t\t\t\t\t<section class=\"elementor-section elementor-top-section elementor-element elementor-element-597dea9 elementor-section-boxed elementor-section-height-default elementor-section-height-default\" data-id=\"597dea9\" data-element_type=\"section\" data-settings=\"{&quot;background_background&quot;:&quot;classic&quot;}\">\n\t\t\t\t\t\t<div class=\"elementor-container elementor-column-gap-default\">\n\t\t\t\t\t<div class=\"elementor-column elementor-col-100 elementor-top-column elementor-element elementor-element-6940c78\" data-id=\"6940c78\" data-element_type=\"column\">\n\t\t\t<div class=\"elementor-widget-wrap elementor-element-populated\">\n\t\t\t\t\t\t<div class=\"elementor-element elementor-element-ec188fc elementor-widget elementor-widget-text-editor\" data-id=\"ec188fc\" data-element_type=\"widget\" data-widget_type=\"text-editor.default\">\n\t\t\t\t<div class=\"elementor-widget-container\">\n\t\t\t<style>\/*! elementor - v3.21.0 - 26-05-2024 *\/\n.elementor-widget-text-editor.elementor-drop-cap-view-stacked .elementor-drop-cap{background-color:#69727d;color:#fff}.elementor-widget-text-editor.elementor-drop-cap-view-framed .elementor-drop-cap{color:#69727d;border:3px solid;background-color:transparent}.elementor-widget-text-editor:not(.elementor-drop-cap-view-default) .elementor-drop-cap{margin-top:8px}.elementor-widget-text-editor:not(.elementor-drop-cap-view-default) .elementor-drop-cap-letter{width:1em;height:1em}.elementor-widget-text-editor .elementor-drop-cap{float:left;text-align:center;line-height:1;font-size:50px}.elementor-widget-text-editor .elementor-drop-cap-letter{display:inline-block}<\/style>\t\t\t\t<p>La Divisi\u00f3n est\u00e1 conformada por un grupo de investigadores comprometidos con la excelencia en la investigaci\u00f3n y con una amplia experiencia en procesos de transferencia tecnol\u00f3gica a empresas. Desarrolla su actividad en las siguientes \u00e1reas cient\u00edfico-tecnol\u00f3gicas: sistemas inteligentes aplicados a audio, im\u00e1genes y v\u00eddeo; modelado estad\u00edstico de se\u00f1ales y reconocimiento de patrones; y dise\u00f1o en dispositivos digitales programables y sistemas telem\u00e1ticos para procesado en tiempo real. La Divisi\u00f3n dispone de tecnolog\u00eda innovadora que ha dado soluci\u00f3n a diferentes necesidades empresariales en m\u00faltiples \u00e1mbitos de aplicaci\u00f3n, tales como: seguridad; salud y bienestar; eficiencia energ\u00e9tica; observaci\u00f3n meteorol\u00f3gica y medioambiental y gesti\u00f3n de riesgos; inteligencia medioambiental; y educaci\u00f3n. La Divisi\u00f3n de Procesado Digital de la Se\u00f1al desarrolla las siguientes l\u00edneas de investigaci\u00f3n:<\/p><ul><li>Analisis de se\u00f1ales fisiol\u00f3gicas para determinar el estado y la evoluci\u00f3n de enfermedades<\/li><li>Analisis y conservaci\u00f3n de la biodiversidad<\/li><li>Bioac\u00fastica: detecci\u00f3n y reconocimiento de especies<\/li><li>Control evolutivo de patolog\u00edas en las unidades de cuidados intensivos<\/li><li>Control inteligente del tr\u00e1fico: se\u00f1alizaci\u00f3n circunstancial adaptativa<\/li><li>Detecci\u00f3n de aver\u00edas en maquinaria a partir de audio y vibraciones<\/li><li>Emprendimiento empresarial: aplicaci\u00f3n de inteligencia artificial, ciencia de datos y aprendizaje autom\u00e1tico<\/li><li>Estudio del movimiento de seres vivos para salud, biometr\u00eda, grafonometr\u00eda, educaci\u00f3n, rob\u00f3tica y ganader\u00eda<\/li><li>Evaluaci\u00f3n ac\u00fastica del sistema fonador: detecci\u00f3n precoz y control evolutivo<\/li><li>Evaluaci\u00f3n de las emociones a partir de la voz<\/li><li>Evaluaci\u00f3n del habla en paciente con la enfermedad de alzheimer<\/li><li>Reconocimiento de patrones<\/li><li>Sistema de predicci\u00f3n meteorol\u00f3gica y resiliencia frente a situaciones de emergencia<\/li><li>Sistema para determinar la previsi\u00f3n de energ\u00eda renovable<\/li><li>Sistema para predecir la aparici\u00f3n y evoluci\u00f3n de las variables meteorol\u00f3gicas<\/li><li>Sistemas basados en dispositivos wearables para el control evolutivo de patolog\u00edas, actividad diaria y calidad de vida<\/li><li>Sistemas basados en el procesado de se\u00f1ales fisiol\u00f3gicas para el estudio de las condiciones de fatiga extrema y el<\/li><li>Dise\u00f1o de dispositivos de ayuda a la rehabilitaci\u00f3n<\/li><li>Sistemas biom\u00e9tricos y de biom\u00e9tricas blandas para el bienestar de las personas<\/li><li>Sistemas inteligentes basados en el procesado digital de agrupaciones de sensores en la localizaci\u00f3n, seguimiento,<\/li><li>Clasificaci\u00f3n e identificaci\u00f3n de eventos ac\u00fasticos y medioambientales<\/li><li>Sistemas inteligentes (hardware y software) para la caracterizaci\u00f3n y estudio automatizado del sue\u00f1o y de des\u00f3rdenes asociados<\/li><li>Bioac\u00fastica: detecci\u00f3n y reconocimiento de especies<\/li><li>Control inteligente del tr\u00e1fico: se\u00f1alizaci\u00f3n circunstancial adaptativa<\/li><li>Detecci\u00f3n de aver\u00edas en maquinaria a partir de audio y vibraciones<\/li><li>Evaluaci\u00f3n ac\u00fastica del Sistema Fonador: detecci\u00f3n precoz y control evolutivo<\/li><li>Evaluaci\u00f3n de las emociones a partir de la voz<\/li><li>Evaluaci\u00f3n del habla en paciente con la enfermedad de Alzheimer<\/li><\/ul>\t\t\t\t\t\t<\/div>\n\t\t\t\t<\/div>\n\t\t\t\t<div class=\"elementor-element elementor-element-9d1bc5d h3 elementor-widget elementor-widget-heading\" data-id=\"9d1bc5d\" data-element_type=\"widget\" data-widget_type=\"heading.default\">\n\t\t\t\t<div class=\"elementor-widget-container\">\n\t\t\t<style>\/*! elementor - v3.21.0 - 26-05-2024 *\/\n.elementor-heading-title{padding:0;margin:0;line-height:1}.elementor-widget-heading .elementor-heading-title[class*=elementor-size-]>a{color:inherit;font-size:inherit;line-height:inherit}.elementor-widget-heading .elementor-heading-title.elementor-size-small{font-size:15px}.elementor-widget-heading .elementor-heading-title.elementor-size-medium{font-size:19px}.elementor-widget-heading .elementor-heading-title.elementor-size-large{font-size:29px}.elementor-widget-heading .elementor-heading-title.elementor-size-xl{font-size:39px}.elementor-widget-heading .elementor-heading-title.elementor-size-xxl{font-size:59px}<\/style><h2 class=\"elementor-heading-title elementor-size-default\">Miembros<\/h2>\t\t<\/div>\n\t\t\t\t<\/div>\n\t\t\t\t<div class=\"elementor-element elementor-element-f41a167 elementor-align-left elementor-widget elementor-widget-button\" data-id=\"f41a167\" data-element_type=\"widget\" data-widget_type=\"button.default\">\n\t\t\t\t<div class=\"elementor-widget-container\">\n\t\t\t\t\t<div class=\"elementor-button-wrapper\">\n\t\t\t<a class=\"elementor-button elementor-button-link elementor-size-sm\" href=\"https:\/\/accedacris.ulpgc.es\/cris\/ou\/ou00076\/people.html\" target=\"_blank\">\n\t\t\t\t\t\t<span class=\"elementor-button-content-wrapper\">\n\t\t\t\t\t\t\t\t\t<span class=\"elementor-button-text\">Consulta los miembros<\/span>\n\t\t\t\t\t<\/span>\n\t\t\t\t\t<\/a>\n\t\t<\/div>\n\t\t\t\t<\/div>\n\t\t\t\t<\/div>\n\t\t\t\t\t<\/div>\n\t\t<\/div>\n\t\t\t\t\t<\/div>\n\t\t<\/section>\n\t\t\t\t<section class=\"elementor-section elementor-top-section elementor-element elementor-element-91f7fad elementor-section-full_width elementor-section-height-default elementor-section-height-default\" data-id=\"91f7fad\" data-element_type=\"section\" data-settings=\"{&quot;background_background&quot;:&quot;classic&quot;}\">\n\t\t\t\t\t\t<div class=\"elementor-container elementor-column-gap-no\">\n\t\t\t\t\t<div class=\"elementor-column elementor-col-100 elementor-top-column elementor-element elementor-element-4864ce0\" data-id=\"4864ce0\" data-element_type=\"column\">\n\t\t\t<div class=\"elementor-widget-wrap elementor-element-populated\">\n\t\t\t\t\t\t<div class=\"elementor-element elementor-element-d4c726e elementor-widget elementor-widget-shortcode\" data-id=\"d4c726e\" data-element_type=\"widget\" data-widget_type=\"shortcode.default\">\n\t\t\t\t<div class=\"elementor-widget-container\">\n\t\t\t\t\t<div class=\"elementor-shortcode\"><\/div>\n\t\t\t\t<\/div>\n\t\t\t\t<\/div>\n\t\t\t\t\t<\/div>\n\t\t<\/div>\n\t\t\t\t\t<\/div>\n\t\t<\/section>\n\t\t\t\t<section class=\"elementor-section elementor-top-section elementor-element elementor-element-e2ef49b elementor-section-boxed elementor-section-height-default elementor-section-height-default\" data-id=\"e2ef49b\" data-element_type=\"section\" data-settings=\"{&quot;shape_divider_top&quot;:&quot;arrow&quot;,&quot;background_background&quot;:&quot;classic&quot;}\">\n\t\t\t\t\t\t\t<div class=\"elementor-background-overlay\"><\/div>\n\t\t\t\t\t\t<div class=\"elementor-shape elementor-shape-top\" data-negative=\"false\">\n\t\t\t<svg xmlns=\"http:\/\/www.w3.org\/2000\/svg\" viewbox=\"0 0 700 10\" preserveaspectratio=\"none\">\n\t<path class=\"elementor-shape-fill\" d=\"M350,10L340,0h20L350,10z\"\/>\n<\/svg>\t\t<\/div>\n\t\t\t\t\t<div class=\"elementor-container elementor-column-gap-default\">\n\t\t\t\t\t<div class=\"elementor-column elementor-col-100 elementor-top-column elementor-element elementor-element-01bfadf\" data-id=\"01bfadf\" data-element_type=\"column\">\n\t\t\t<div class=\"elementor-widget-wrap elementor-element-populated\">\n\t\t\t\t\t\t<div class=\"elementor-element elementor-element-c530fc4 h1 elementor-widget elementor-widget-heading\" data-id=\"c530fc4\" data-element_type=\"widget\" data-widget_type=\"heading.default\">\n\t\t\t\t<div class=\"elementor-widget-container\">\n\t\t\t<h2 class=\"elementor-heading-title elementor-size-default\">M\u00e1s informaci\u00f3n<\/h2>\t\t<\/div>\n\t\t\t\t<\/div>\n\t\t\t\t\t<\/div>\n\t\t<\/div>\n\t\t\t\t\t<\/div>\n\t\t<\/section>\n\t\t\t\t<section class=\"elementor-section elementor-top-section elementor-element elementor-element-b7e5617 elementor-section-boxed elementor-section-height-default elementor-section-height-default\" data-id=\"b7e5617\" data-element_type=\"section\" data-settings=\"{&quot;background_background&quot;:&quot;classic&quot;}\">\n\t\t\t\t\t\t\t<div class=\"elementor-background-overlay\"><\/div>\n\t\t\t\t\t\t\t<div class=\"elementor-container elementor-column-gap-default\">\n\t\t\t\t\t<div class=\"elementor-column elementor-col-100 elementor-top-column elementor-element elementor-element-4313992\" data-id=\"4313992\" data-element_type=\"column\">\n\t\t\t<div class=\"elementor-widget-wrap elementor-element-populated\">\n\t\t\t\t\t\t<div class=\"elementor-element elementor-element-3f94bcb elementor-align-center boton-bimetic elementor-widget elementor-widget-button\" data-id=\"3f94bcb\" data-element_type=\"widget\" data-widget_type=\"button.default\">\n\t\t\t\t<div class=\"elementor-widget-container\">\n\t\t\t\t\t<div class=\"elementor-button-wrapper\">\n\t\t\t<a class=\"elementor-button elementor-button-link elementor-size-sm\" href=\"https:\/\/accedacris.ulpgc.es\/cris\/ou\/ou00076\/indicators.html\" target=\"_blank\">\n\t\t\t\t\t\t<span class=\"elementor-button-content-wrapper\">\n\t\t\t\t\t\t\t\t\t<span class=\"elementor-button-text\">Accedacris<\/span>\n\t\t\t\t\t<\/span>\n\t\t\t\t\t<\/a>\n\t\t<\/div>\n\t\t\t\t<\/div>\n\t\t\t\t<\/div>\n\t\t\t\t<div class=\"elementor-element elementor-element-1513e2d elementor-align-center boton-bimetic elementor-widget elementor-widget-button\" data-id=\"1513e2d\" data-element_type=\"widget\" data-widget_type=\"button.default\">\n\t\t\t\t<div class=\"elementor-widget-container\">\n\t\t\t\t\t<div class=\"elementor-button-wrapper\">\n\t\t\t<a class=\"elementor-button elementor-button-link elementor-size-sm\" href=\"https:\/\/accedacris.ulpgc.es\/cris\/ou\/ou00076\/projects.html\" target=\"_blank\">\n\t\t\t\t\t\t<span class=\"elementor-button-content-wrapper\">\n\t\t\t\t\t\t\t\t\t<span class=\"elementor-button-text\">Proyectos<\/span>\n\t\t\t\t\t<\/span>\n\t\t\t\t\t<\/a>\n\t\t<\/div>\n\t\t\t\t<\/div>\n\t\t\t\t<\/div>\n\t\t\t\t<div class=\"elementor-element elementor-element-0b6282c elementor-align-center boton-bimetic elementor-widget elementor-widget-button\" data-id=\"0b6282c\" data-element_type=\"widget\" data-widget_type=\"button.default\">\n\t\t\t\t<div class=\"elementor-widget-container\">\n\t\t\t\t\t<div class=\"elementor-button-wrapper\">\n\t\t\t<a class=\"elementor-button elementor-button-link elementor-size-sm\" href=\"#\">\n\t\t\t\t\t\t<span class=\"elementor-button-content-wrapper\">\n\t\t\t\t\t\t\t\t\t<span class=\"elementor-button-text\">Noticias<\/span>\n\t\t\t\t\t<\/span>\n\t\t\t\t\t<\/a>\n\t\t<\/div>\n\t\t\t\t<\/div>\n\t\t\t\t<\/div>\n\t\t\t\t<div class=\"elementor-element elementor-element-51f622e elementor-align-center boton-bimetic elementor-widget elementor-widget-button\" data-id=\"51f622e\" data-element_type=\"widget\" data-widget_type=\"button.default\">\n\t\t\t\t<div class=\"elementor-widget-container\">\n\t\t\t\t\t<div class=\"elementor-button-wrapper\">\n\t\t\t<a class=\"elementor-button elementor-button-link elementor-size-sm\" href=\"https:\/\/idetic.ulpgc.es\/en\/investigacion\/\">\n\t\t\t\t\t\t<span class=\"elementor-button-content-wrapper\">\n\t\t\t\t\t\t\t\t\t<span class=\"elementor-button-text\">Otras divisiones<\/span>\n\t\t\t\t\t<\/span>\n\t\t\t\t\t<\/a>\n\t\t<\/div>\n\t\t\t\t<\/div>\n\t\t\t\t<\/div>\n\t\t\t\t\t<\/div>\n\t\t<\/div>\n\t\t\t\t\t<\/div>\n\t\t<\/section>\n\t\t\t\t<\/div>","protected":false},"excerpt":{"rendered":"<p>La Divisi\u00f3n est\u00e1 conformada por un grupo de investigadores comprometidos con la excelencia en la investigaci\u00f3n y con una amplia experiencia en procesos de transferencia tecnol\u00f3gica a empresas. Desarrolla su actividad en las siguientes \u00e1reas cient\u00edfico-tecnol\u00f3gicas: sistemas inteligentes aplicados a audio, im\u00e1genes y v\u00eddeo; modelado estad\u00edstico de se\u00f1ales y reconocimiento de patrones; y dise\u00f1o en&hellip;<\/p>","protected":false},"author":2,"featured_media":0,"parent":1183,"menu_order":0,"comment_status":"closed","ping_status":"closed","template":"","meta":{"footnotes":""},"yoast_head":"<!-- This site is optimized with the Yoast SEO plugin v22.8 - https:\/\/yoast.com\/wordpress\/plugins\/seo\/ -->\n<title>ULPGC &#8226; IDeTIC &#8226; Divisi\u00f3n de Procesado Digital de Se\u00f1ales (DPDS)<\/title>\n<meta name=\"description\" content=\"IDeETIC - Divisi\u00f3n de Procesado Digital de Se\u00f1ales (DPDS)\" \/>\n<meta name=\"robots\" content=\"index, follow, max-snippet:-1, max-image-preview:large, max-video-preview:-1\" \/>\n<link rel=\"canonical\" href=\"https:\/\/idetic.ulpgc.es\/en\/investigacion\/division-de-procesado-digital-de-senales-dpds\/\" \/>\n<meta property=\"og:locale\" content=\"en_GB\" \/>\n<meta property=\"og:type\" content=\"article\" \/>\n<meta property=\"og:title\" content=\"ULPGC &#8226; IDeTIC &#8226; Divisi\u00f3n de Procesado Digital de Se\u00f1ales (DPDS)\" \/>\n<meta property=\"og:description\" content=\"IDeETIC - Divisi\u00f3n de Procesado Digital de Se\u00f1ales (DPDS)\" \/>\n<meta property=\"og:url\" content=\"https:\/\/idetic.ulpgc.es\/en\/investigacion\/division-de-procesado-digital-de-senales-dpds\/\" \/>\n<meta property=\"og:site_name\" content=\"IDeTIC\" \/>\n<meta property=\"article:publisher\" content=\"https:\/\/www.facebook.com\/people\/Idetic-Online\/100095266206729\/?locale=es_ES\" \/>\n<meta property=\"article:modified_time\" content=\"2024-07-31T08:16:08+00:00\" \/>\n<meta name=\"twitter:card\" content=\"summary_large_image\" \/>\n<meta name=\"twitter:label1\" content=\"Estimated reading time\" \/>\n\t<meta name=\"twitter:data1\" content=\"2 minutes\" \/>\n<script type=\"application\/ld+json\" class=\"yoast-schema-graph\">{\"@context\":\"https:\/\/schema.org\",\"@graph\":[{\"@type\":\"WebPage\",\"@id\":\"https:\/\/idetic.ulpgc.es\/investigacion\/division-de-procesado-digital-de-senales-dpds\/\",\"url\":\"https:\/\/idetic.ulpgc.es\/investigacion\/division-de-procesado-digital-de-senales-dpds\/\",\"name\":\"ULPGC &#8226; IDeTIC &#8226; Divisi\u00f3n de Procesado Digital de Se\u00f1ales (DPDS)\",\"isPartOf\":{\"@id\":\"https:\/\/idetic.ulpgc.es\/#website\"},\"datePublished\":\"2023-06-21T07:53:16+00:00\",\"dateModified\":\"2024-07-31T08:16:08+00:00\",\"description\":\"IDeETIC - Divisi\u00f3n de Procesado Digital de Se\u00f1ales (DPDS)\",\"breadcrumb\":{\"@id\":\"https:\/\/idetic.ulpgc.es\/investigacion\/division-de-procesado-digital-de-senales-dpds\/#breadcrumb\"},\"inLanguage\":\"en-GB\",\"potentialAction\":[{\"@type\":\"ReadAction\",\"target\":[\"https:\/\/idetic.ulpgc.es\/investigacion\/division-de-procesado-digital-de-senales-dpds\/\"]}]},{\"@type\":\"BreadcrumbList\",\"@id\":\"https:\/\/idetic.ulpgc.es\/investigacion\/division-de-procesado-digital-de-senales-dpds\/#breadcrumb\",\"itemListElement\":[{\"@type\":\"ListItem\",\"position\":1,\"name\":\"Portada\",\"item\":\"https:\/\/idetic.ulpgc.es\/\"},{\"@type\":\"ListItem\",\"position\":2,\"name\":\"I+D+i\",\"item\":\"https:\/\/idetic.ulpgc.es\/investigacion\/\"},{\"@type\":\"ListItem\",\"position\":3,\"name\":\"Divisi\u00f3n de Procesado Digital de Se\u00f1ales (DPDS)\"}]},{\"@type\":\"WebSite\",\"@id\":\"https:\/\/idetic.ulpgc.es\/#website\",\"url\":\"https:\/\/idetic.ulpgc.es\/\",\"name\":\"IDeTIC\",\"description\":\"Instituto para el Desarrollo Tecnol\u00f3gico y la Innovaci\u00f3n en Comunicaciones ULPGC\",\"publisher\":{\"@id\":\"https:\/\/idetic.ulpgc.es\/#organization\"},\"potentialAction\":[{\"@type\":\"SearchAction\",\"target\":{\"@type\":\"EntryPoint\",\"urlTemplate\":\"https:\/\/idetic.ulpgc.es\/?s={search_term_string}\"},\"query-input\":\"required name=search_term_string\"}],\"inLanguage\":\"en-GB\"},{\"@type\":\"Organization\",\"@id\":\"https:\/\/idetic.ulpgc.es\/#organization\",\"name\":\"IDeTIC\",\"url\":\"https:\/\/idetic.ulpgc.es\/\",\"logo\":{\"@type\":\"ImageObject\",\"inLanguage\":\"en-GB\",\"@id\":\"https:\/\/idetic.ulpgc.es\/#\/schema\/logo\/image\/\",\"url\":\"https:\/\/idetic.ulpgc.es\/wp-content\/uploads\/2022\/02\/idetic_rev_hmr_acron_1.svg\",\"contentUrl\":\"https:\/\/idetic.ulpgc.es\/wp-content\/uploads\/2022\/02\/idetic_rev_hmr_acron_1.svg\",\"width\":410,\"height\":81,\"caption\":\"IDeTIC\"},\"image\":{\"@id\":\"https:\/\/idetic.ulpgc.es\/#\/schema\/logo\/image\/\"},\"sameAs\":[\"https:\/\/www.facebook.com\/people\/Idetic-Online\/100095266206729\/?locale=es_ES\"]}]}<\/script>\n<!-- \/ Yoast SEO plugin. -->","yoast_head_json":{"title":"ULPGC &#8226; IDeTIC &#8226; Divisi\u00f3n de Procesado Digital de Se\u00f1ales (DPDS)","description":"IDeETIC - Divisi\u00f3n de Procesado Digital de Se\u00f1ales (DPDS)","robots":{"index":"index","follow":"follow","max-snippet":"max-snippet:-1","max-image-preview":"max-image-preview:large","max-video-preview":"max-video-preview:-1"},"canonical":"https:\/\/idetic.ulpgc.es\/en\/investigacion\/division-de-procesado-digital-de-senales-dpds\/","og_locale":"en_GB","og_type":"article","og_title":"ULPGC &#8226; IDeTIC &#8226; Divisi\u00f3n de Procesado Digital de Se\u00f1ales (DPDS)","og_description":"IDeETIC - Divisi\u00f3n de Procesado Digital de Se\u00f1ales (DPDS)","og_url":"https:\/\/idetic.ulpgc.es\/en\/investigacion\/division-de-procesado-digital-de-senales-dpds\/","og_site_name":"IDeTIC","article_publisher":"https:\/\/www.facebook.com\/people\/Idetic-Online\/100095266206729\/?locale=es_ES","article_modified_time":"2024-07-31T08:16:08+00:00","twitter_card":"summary_large_image","twitter_misc":{"Estimated reading time":"2 minutes"},"schema":{"@context":"https:\/\/schema.org","@graph":[{"@type":"WebPage","@id":"https:\/\/idetic.ulpgc.es\/investigacion\/division-de-procesado-digital-de-senales-dpds\/","url":"https:\/\/idetic.ulpgc.es\/investigacion\/division-de-procesado-digital-de-senales-dpds\/","name":"ULPGC &#8226; IDeTIC &#8226; Divisi\u00f3n de Procesado Digital de Se\u00f1ales (DPDS)","isPartOf":{"@id":"https:\/\/idetic.ulpgc.es\/#website"},"datePublished":"2023-06-21T07:53:16+00:00","dateModified":"2024-07-31T08:16:08+00:00","description":"IDeETIC - Divisi\u00f3n de Procesado Digital de Se\u00f1ales (DPDS)","breadcrumb":{"@id":"https:\/\/idetic.ulpgc.es\/investigacion\/division-de-procesado-digital-de-senales-dpds\/#breadcrumb"},"inLanguage":"en-GB","potentialAction":[{"@type":"ReadAction","target":["https:\/\/idetic.ulpgc.es\/investigacion\/division-de-procesado-digital-de-senales-dpds\/"]}]},{"@type":"BreadcrumbList","@id":"https:\/\/idetic.ulpgc.es\/investigacion\/division-de-procesado-digital-de-senales-dpds\/#breadcrumb","itemListElement":[{"@type":"ListItem","position":1,"name":"Portada","item":"https:\/\/idetic.ulpgc.es\/"},{"@type":"ListItem","position":2,"name":"I+D+i","item":"https:\/\/idetic.ulpgc.es\/investigacion\/"},{"@type":"ListItem","position":3,"name":"Divisi\u00f3n de Procesado Digital de Se\u00f1ales (DPDS)"}]},{"@type":"WebSite","@id":"https:\/\/idetic.ulpgc.es\/#website","url":"https:\/\/idetic.ulpgc.es\/","name":"IDeTIC","description":"Instituto para el Desarrollo Tecnol\u00f3gico y la Innovaci\u00f3n en Comunicaciones ULPGC","publisher":{"@id":"https:\/\/idetic.ulpgc.es\/#organization"},"potentialAction":[{"@type":"SearchAction","target":{"@type":"EntryPoint","urlTemplate":"https:\/\/idetic.ulpgc.es\/?s={search_term_string}"},"query-input":"required name=search_term_string"}],"inLanguage":"en-GB"},{"@type":"Organization","@id":"https:\/\/idetic.ulpgc.es\/#organization","name":"IDeTIC","url":"https:\/\/idetic.ulpgc.es\/","logo":{"@type":"ImageObject","inLanguage":"en-GB","@id":"https:\/\/idetic.ulpgc.es\/#\/schema\/logo\/image\/","url":"https:\/\/idetic.ulpgc.es\/wp-content\/uploads\/2022\/02\/idetic_rev_hmr_acron_1.svg","contentUrl":"https:\/\/idetic.ulpgc.es\/wp-content\/uploads\/2022\/02\/idetic_rev_hmr_acron_1.svg","width":410,"height":81,"caption":"IDeTIC"},"image":{"@id":"https:\/\/idetic.ulpgc.es\/#\/schema\/logo\/image\/"},"sameAs":["https:\/\/www.facebook.com\/people\/Idetic-Online\/100095266206729\/?locale=es_ES"]}]}},"_links":{"self":[{"href":"https:\/\/idetic.ulpgc.es\/en\/wp-json\/wp\/v2\/pages\/3233"}],"collection":[{"href":"https:\/\/idetic.ulpgc.es\/en\/wp-json\/wp\/v2\/pages"}],"about":[{"href":"https:\/\/idetic.ulpgc.es\/en\/wp-json\/wp\/v2\/types\/page"}],"author":[{"embeddable":true,"href":"https:\/\/idetic.ulpgc.es\/en\/wp-json\/wp\/v2\/users\/2"}],"replies":[{"embeddable":true,"href":"https:\/\/idetic.ulpgc.es\/en\/wp-json\/wp\/v2\/comments?post=3233"}],"version-history":[{"count":56,"href":"https:\/\/idetic.ulpgc.es\/en\/wp-json\/wp\/v2\/pages\/3233\/revisions"}],"predecessor-version":[{"id":4556,"href":"https:\/\/idetic.ulpgc.es\/en\/wp-json\/wp\/v2\/pages\/3233\/revisions\/4556"}],"up":[{"embeddable":true,"href":"https:\/\/idetic.ulpgc.es\/en\/wp-json\/wp\/v2\/pages\/1183"}],"wp:attachment":[{"href":"https:\/\/idetic.ulpgc.es\/en\/wp-json\/wp\/v2\/media?parent=3233"}],"curies":[{"name":"wp","href":"https:\/\/api.w.org\/{rel}","templated":true}]}}