{"id":2990,"date":"2023-03-22T15:37:47","date_gmt":"2023-03-22T15:37:47","guid":{"rendered":"https:\/\/idetic-desa.ulpgc.es\/?page_id=2990"},"modified":"2024-07-31T08:21:21","modified_gmt":"2024-07-31T08:21:21","slug":"division-de-redes-y-servicios-telematicos-dryst","status":"publish","type":"page","link":"https:\/\/idetic.ulpgc.es\/en\/investigacion\/division-de-redes-y-servicios-telematicos-dryst\/","title":{"rendered":"Divisi\u00f3n de Redes y Servicios Telem\u00e1ticos (DRyST)"},"content":{"rendered":"<div data-elementor-type=\"wp-page\" data-elementor-id=\"2990\" class=\"elementor elementor-2990\">\n\t\t\t\t\t\t<section class=\"elementor-section elementor-top-section elementor-element elementor-element-18ac337 elementor-section-boxed elementor-section-height-default elementor-section-height-default\" data-id=\"18ac337\" data-element_type=\"section\" data-settings=\"{&quot;background_background&quot;:&quot;classic&quot;}\">\n\t\t\t\t\t\t<div class=\"elementor-container elementor-column-gap-default\">\n\t\t\t\t\t<div class=\"elementor-column elementor-col-100 elementor-top-column elementor-element elementor-element-f1b4727\" data-id=\"f1b4727\" data-element_type=\"column\">\n\t\t\t<div class=\"elementor-widget-wrap elementor-element-populated\">\n\t\t\t\t\t\t<div class=\"elementor-element elementor-element-0f444cb elementor-widget elementor-widget-image\" data-id=\"0f444cb\" data-element_type=\"widget\" data-widget_type=\"image.default\">\n\t\t\t\t<div class=\"elementor-widget-container\">\n\t\t\t<style>\/*! elementor - v3.21.0 - 26-05-2024 *\/\n.elementor-widget-image{text-align:center}.elementor-widget-image a{display:inline-block}.elementor-widget-image a img[src$=\".svg\"]{width:48px}.elementor-widget-image img{vertical-align:middle;display:inline-block}<\/style>\t\t\t\t\t\t\t\t\t\t<img fetchpriority=\"high\" decoding=\"async\" width=\"1024\" height=\"418\" src=\"https:\/\/idetic.ulpgc.es\/wp-content\/uploads\/2023\/06\/fotos-1024x418.png\" class=\"attachment-large size-large wp-image-3218\" alt=\"DRyST\" srcset=\"https:\/\/idetic.ulpgc.es\/wp-content\/uploads\/2023\/06\/fotos-1024x418.png 1024w, https:\/\/idetic.ulpgc.es\/wp-content\/uploads\/2023\/06\/fotos-300x123.png 300w, https:\/\/idetic.ulpgc.es\/wp-content\/uploads\/2023\/06\/fotos-768x314.png 768w, https:\/\/idetic.ulpgc.es\/wp-content\/uploads\/2023\/06\/fotos-18x7.png 18w, https:\/\/idetic.ulpgc.es\/wp-content\/uploads\/2023\/06\/fotos.png 1219w\" sizes=\"(max-width: 1024px) 100vw, 1024px\" \/>\t\t\t\t\t\t\t\t\t\t\t\t\t<\/div>\n\t\t\t\t<\/div>\n\t\t\t\t<div class=\"elementor-element elementor-element-9ec4ae2 elementor-widget elementor-widget-text-editor\" data-id=\"9ec4ae2\" data-element_type=\"widget\" data-widget_type=\"text-editor.default\">\n\t\t\t\t<div class=\"elementor-widget-container\">\n\t\t\t<style>\/*! elementor - v3.21.0 - 26-05-2024 *\/\n.elementor-widget-text-editor.elementor-drop-cap-view-stacked .elementor-drop-cap{background-color:#69727d;color:#fff}.elementor-widget-text-editor.elementor-drop-cap-view-framed .elementor-drop-cap{color:#69727d;border:3px solid;background-color:transparent}.elementor-widget-text-editor:not(.elementor-drop-cap-view-default) .elementor-drop-cap{margin-top:8px}.elementor-widget-text-editor:not(.elementor-drop-cap-view-default) .elementor-drop-cap-letter{width:1em;height:1em}.elementor-widget-text-editor .elementor-drop-cap{float:left;text-align:center;line-height:1;font-size:50px}.elementor-widget-text-editor .elementor-drop-cap-letter{display:inline-block}<\/style>\t\t\t\tEl grupo de Redes y Servicios Telem\u00e1ticos comenz\u00f3 su andadura en el a\u00f1o 2008 con investigadores vinculados al \u00e1rea de conocimiento de ingenier\u00eda telem\u00e1tica. La Divisi\u00f3n desarrolla su trabajo docente e investigador en el \u00e1mbito de las redes de comunicaci\u00f3n, principalmente sobre las redes inal\u00e1mbricas.\n\nLa Divisi\u00f3n de Redes y Servicios Telem\u00e1ticos desarrolla las siguientes l\u00edneas de investigaci\u00f3n:\n<ul>\n \t<li>Internet de las cosas: redes inal\u00e1mbricas de sensores, control de acceso al medio mediante diversidad espacial; Internet de las cosas; estudio de adaptaci\u00f3n de protocolos para comunicaciones \u00f3pticas inal\u00e1mbricas en el espectro visible (VLC); estudio y desarrollo de nuevos m\u00e9todos de control de acceso al medio para dichas redes y su adaptaci\u00f3n a los est\u00e1ndares comerciales; dise\u00f1o de interfaces a nivel f\u00edsico y de capa de enlace para redes inal\u00e1mbricas y redes cableadas; y an\u00e1lisis y visualizaci\u00f3n de datos para Internet de las cosas.<\/li>\n \t<li><span style=\"letter-spacing: 0px;\">Protocolos de redes de Internet de las cosas: an\u00e1lisis de los recursos en las redes de comunicaciones tanto fijas como inal\u00e1mbricas; an\u00e1lisis y desarrollo de aspectos relacionados con los protocolos en las redes de comunicaciones, en particular Internet de las cosas, incluye smart cities, smart islands\u2026; redes de sensores y comunicaciones VLC.<\/span><\/li>\n \t<li>\n<p align=\"\">Sistemas de localizaci\u00f3n en interiores: estudio e implementaci\u00f3n de t\u00e9cnicas de localizaci\u00f3n y seguimiento en interiores utilizando redes inal\u00e1mbricas de comunicaci\u00f3n; aplicaci\u00f3n de miner\u00eda de datos y algoritmos de aprendizaje autom\u00e1tico; fusi\u00f3n de datos de sensores para localizaci\u00f3n en interiores.<\/p>\n<\/li>\n \t<li>\n<p align=\"\">An\u00e1lisis de datos para Internet de las cosas: an\u00e1lisis de datos recolectados por sensores para aplicaciones deep learning y procesado posterior.<\/p>\n<\/li>\n<\/ul>\t\t\t\t\t\t<\/div>\n\t\t\t\t<\/div>\n\t\t\t\t<div class=\"elementor-element elementor-element-4fbe1b6 h3 elementor-widget elementor-widget-heading\" data-id=\"4fbe1b6\" data-element_type=\"widget\" data-widget_type=\"heading.default\">\n\t\t\t\t<div class=\"elementor-widget-container\">\n\t\t\t<style>\/*! elementor - v3.21.0 - 26-05-2024 *\/\n.elementor-heading-title{padding:0;margin:0;line-height:1}.elementor-widget-heading .elementor-heading-title[class*=elementor-size-]>a{color:inherit;font-size:inherit;line-height:inherit}.elementor-widget-heading .elementor-heading-title.elementor-size-small{font-size:15px}.elementor-widget-heading .elementor-heading-title.elementor-size-medium{font-size:19px}.elementor-widget-heading .elementor-heading-title.elementor-size-large{font-size:29px}.elementor-widget-heading .elementor-heading-title.elementor-size-xl{font-size:39px}.elementor-widget-heading .elementor-heading-title.elementor-size-xxl{font-size:59px}<\/style><h2 class=\"elementor-heading-title elementor-size-default\">Miembros<\/h2>\t\t<\/div>\n\t\t\t\t<\/div>\n\t\t\t\t<div class=\"elementor-element elementor-element-aa4e7ed elementor-align-left elementor-widget elementor-widget-button\" data-id=\"aa4e7ed\" data-element_type=\"widget\" data-widget_type=\"button.default\">\n\t\t\t\t<div class=\"elementor-widget-container\">\n\t\t\t\t\t<div class=\"elementor-button-wrapper\">\n\t\t\t<a class=\"elementor-button elementor-button-link elementor-size-sm\" href=\"https:\/\/accedacris.ulpgc.es\/cris\/ou\/ou00135\/people.html\" target=\"_blank\">\n\t\t\t\t\t\t<span class=\"elementor-button-content-wrapper\">\n\t\t\t\t\t\t\t\t\t<span class=\"elementor-button-text\">Consulta los miembros<\/span>\n\t\t\t\t\t<\/span>\n\t\t\t\t\t<\/a>\n\t\t<\/div>\n\t\t\t\t<\/div>\n\t\t\t\t<\/div>\n\t\t\t\t\t<\/div>\n\t\t<\/div>\n\t\t\t\t\t<\/div>\n\t\t<\/section>\n\t\t\t\t<section class=\"elementor-section elementor-top-section elementor-element elementor-element-a78abca elementor-section-full_width elementor-section-height-default elementor-section-height-default\" data-id=\"a78abca\" data-element_type=\"section\" data-settings=\"{&quot;background_background&quot;:&quot;classic&quot;}\">\n\t\t\t\t\t\t\t<div class=\"elementor-background-overlay\"><\/div>\n\t\t\t\t\t\t\t<div class=\"elementor-container elementor-column-gap-default\">\n\t\t\t\t\t<div class=\"elementor-column elementor-col-100 elementor-top-column elementor-element elementor-element-0c93e59\" data-id=\"0c93e59\" data-element_type=\"column\">\n\t\t\t<div class=\"elementor-widget-wrap elementor-element-populated\">\n\t\t\t\t\t\t<div class=\"elementor-element elementor-element-ee569fd elementor-widget elementor-widget-shortcode\" data-id=\"ee569fd\" data-element_type=\"widget\" data-widget_type=\"shortcode.default\">\n\t\t\t\t<div class=\"elementor-widget-container\">\n\t\t\t\t\t<div class=\"elementor-shortcode\"><\/div>\n\t\t\t\t<\/div>\n\t\t\t\t<\/div>\n\t\t\t\t\t<\/div>\n\t\t<\/div>\n\t\t\t\t\t<\/div>\n\t\t<\/section>\n\t\t\t\t<section class=\"elementor-section elementor-top-section elementor-element elementor-element-beb1ebc elementor-section-boxed elementor-section-height-default elementor-section-height-default\" data-id=\"beb1ebc\" data-element_type=\"section\" data-settings=\"{&quot;shape_divider_top&quot;:&quot;arrow&quot;,&quot;background_background&quot;:&quot;classic&quot;}\">\n\t\t\t\t\t\t\t<div class=\"elementor-background-overlay\"><\/div>\n\t\t\t\t\t\t<div class=\"elementor-shape elementor-shape-top\" data-negative=\"false\">\n\t\t\t<svg xmlns=\"http:\/\/www.w3.org\/2000\/svg\" viewbox=\"0 0 700 10\" preserveaspectratio=\"none\">\n\t<path class=\"elementor-shape-fill\" d=\"M350,10L340,0h20L350,10z\"\/>\n<\/svg>\t\t<\/div>\n\t\t\t\t\t<div class=\"elementor-container elementor-column-gap-default\">\n\t\t\t\t\t<div class=\"elementor-column elementor-col-100 elementor-top-column elementor-element elementor-element-0836fba\" data-id=\"0836fba\" data-element_type=\"column\">\n\t\t\t<div class=\"elementor-widget-wrap elementor-element-populated\">\n\t\t\t\t\t\t<div class=\"elementor-element elementor-element-943f6c4 h1 elementor-widget elementor-widget-heading\" data-id=\"943f6c4\" data-element_type=\"widget\" data-widget_type=\"heading.default\">\n\t\t\t\t<div class=\"elementor-widget-container\">\n\t\t\t<h2 class=\"elementor-heading-title elementor-size-default\">M\u00e1s informaci\u00f3n<\/h2>\t\t<\/div>\n\t\t\t\t<\/div>\n\t\t\t\t\t<\/div>\n\t\t<\/div>\n\t\t\t\t\t<\/div>\n\t\t<\/section>\n\t\t\t\t<section class=\"elementor-section elementor-top-section elementor-element elementor-element-a1c0cb7 elementor-section-boxed elementor-section-height-default elementor-section-height-default\" data-id=\"a1c0cb7\" data-element_type=\"section\" data-settings=\"{&quot;background_background&quot;:&quot;classic&quot;}\">\n\t\t\t\t\t\t\t<div class=\"elementor-background-overlay\"><\/div>\n\t\t\t\t\t\t\t<div class=\"elementor-container elementor-column-gap-default\">\n\t\t\t\t\t<div class=\"elementor-column elementor-col-100 elementor-top-column elementor-element elementor-element-4ffb27e\" data-id=\"4ffb27e\" data-element_type=\"column\">\n\t\t\t<div class=\"elementor-widget-wrap elementor-element-populated\">\n\t\t\t\t\t\t<div class=\"elementor-element elementor-element-9579a58 elementor-align-center boton-bimetic elementor-widget elementor-widget-button\" data-id=\"9579a58\" data-element_type=\"widget\" data-widget_type=\"button.default\">\n\t\t\t\t<div class=\"elementor-widget-container\">\n\t\t\t\t\t<div class=\"elementor-button-wrapper\">\n\t\t\t<a class=\"elementor-button elementor-button-link elementor-size-sm\" href=\"https:\/\/accedacris.ulpgc.es\/cris\/ou\/ou00135\/informations.html\" target=\"_blank\">\n\t\t\t\t\t\t<span class=\"elementor-button-content-wrapper\">\n\t\t\t\t\t\t\t\t\t<span class=\"elementor-button-text\">Accedacris<\/span>\n\t\t\t\t\t<\/span>\n\t\t\t\t\t<\/a>\n\t\t<\/div>\n\t\t\t\t<\/div>\n\t\t\t\t<\/div>\n\t\t\t\t<div class=\"elementor-element elementor-element-55fe011 elementor-align-center boton-bimetic elementor-widget elementor-widget-button\" data-id=\"55fe011\" data-element_type=\"widget\" data-widget_type=\"button.default\">\n\t\t\t\t<div class=\"elementor-widget-container\">\n\t\t\t\t\t<div class=\"elementor-button-wrapper\">\n\t\t\t<a class=\"elementor-button elementor-button-link elementor-size-sm\" href=\"https:\/\/dryst.ulpgc.es\" target=\"_blank\">\n\t\t\t\t\t\t<span class=\"elementor-button-content-wrapper\">\n\t\t\t\t\t\t\t\t\t<span class=\"elementor-button-text\">Web PALOMA<\/span>\n\t\t\t\t\t<\/span>\n\t\t\t\t\t<\/a>\n\t\t<\/div>\n\t\t\t\t<\/div>\n\t\t\t\t<\/div>\n\t\t\t\t<div class=\"elementor-element elementor-element-1ef837b elementor-align-center boton-bimetic elementor-widget elementor-widget-button\" data-id=\"1ef837b\" data-element_type=\"widget\" data-widget_type=\"button.default\">\n\t\t\t\t<div class=\"elementor-widget-container\">\n\t\t\t\t\t<div class=\"elementor-button-wrapper\">\n\t\t\t<a class=\"elementor-button elementor-button-link elementor-size-sm\" href=\"#\">\n\t\t\t\t\t\t<span class=\"elementor-button-content-wrapper\">\n\t\t\t\t\t\t\t\t\t<span class=\"elementor-button-text\">Noticias<\/span>\n\t\t\t\t\t<\/span>\n\t\t\t\t\t<\/a>\n\t\t<\/div>\n\t\t\t\t<\/div>\n\t\t\t\t<\/div>\n\t\t\t\t<div class=\"elementor-element elementor-element-5cca062 elementor-align-center boton-bimetic elementor-widget elementor-widget-button\" data-id=\"5cca062\" data-element_type=\"widget\" data-widget_type=\"button.default\">\n\t\t\t\t<div class=\"elementor-widget-container\">\n\t\t\t\t\t<div class=\"elementor-button-wrapper\">\n\t\t\t<a class=\"elementor-button elementor-button-link elementor-size-sm\" href=\"https:\/\/idetic.ulpgc.es\/en\/investigacion\/\">\n\t\t\t\t\t\t<span class=\"elementor-button-content-wrapper\">\n\t\t\t\t\t\t\t\t\t<span class=\"elementor-button-text\">Otras divisiones<\/span>\n\t\t\t\t\t<\/span>\n\t\t\t\t\t<\/a>\n\t\t<\/div>\n\t\t\t\t<\/div>\n\t\t\t\t<\/div>\n\t\t\t\t\t<\/div>\n\t\t<\/div>\n\t\t\t\t\t<\/div>\n\t\t<\/section>\n\t\t\t\t<\/div>","protected":false},"excerpt":{"rendered":"<p>El grupo de Redes y Servicios Telem\u00e1ticos comenz\u00f3 su andadura en el a\u00f1o 2008 con investigadores vinculados al \u00e1rea de conocimiento de ingenier\u00eda telem\u00e1tica. La Divisi\u00f3n desarrolla su trabajo docente e investigador en el \u00e1mbito de las redes de comunicaci\u00f3n, principalmente sobre las redes inal\u00e1mbricas. La Divisi\u00f3n de Redes y Servicios Telem\u00e1ticos desarrolla las siguientes&hellip;<\/p>","protected":false},"author":1,"featured_media":0,"parent":1183,"menu_order":0,"comment_status":"closed","ping_status":"closed","template":"","meta":{"footnotes":""},"yoast_head":"<!-- This site is optimized with the Yoast SEO plugin v22.8 - https:\/\/yoast.com\/wordpress\/plugins\/seo\/ -->\n<title>ULPGC &#8226; IDeTIC &#8226; Divisi\u00f3n de Redes y Servicios Telem\u00e1ticos (DRyST)<\/title>\n<meta name=\"description\" content=\"IDeTIC - Divisi\u00f3n de Redes y Servicios Telem\u00e1ticos (DRYST)\" \/>\n<meta name=\"robots\" content=\"index, follow, max-snippet:-1, max-image-preview:large, max-video-preview:-1\" \/>\n<link rel=\"canonical\" href=\"https:\/\/idetic.ulpgc.es\/en\/investigacion\/division-de-redes-y-servicios-telematicos-dryst\/\" \/>\n<meta property=\"og:locale\" content=\"en_GB\" \/>\n<meta property=\"og:type\" content=\"article\" \/>\n<meta property=\"og:title\" content=\"ULPGC &#8226; IDeTIC &#8226; Divisi\u00f3n de Redes y Servicios Telem\u00e1ticos (DRyST)\" \/>\n<meta property=\"og:description\" content=\"IDeTIC - Divisi\u00f3n de Redes y Servicios Telem\u00e1ticos (DRYST)\" \/>\n<meta property=\"og:url\" content=\"https:\/\/idetic.ulpgc.es\/en\/investigacion\/division-de-redes-y-servicios-telematicos-dryst\/\" \/>\n<meta property=\"og:site_name\" content=\"IDeTIC\" \/>\n<meta property=\"article:publisher\" content=\"https:\/\/www.facebook.com\/people\/Idetic-Online\/100095266206729\/?locale=es_ES\" \/>\n<meta property=\"article:modified_time\" content=\"2024-07-31T08:21:21+00:00\" \/>\n<meta property=\"og:image\" content=\"https:\/\/idetic.ulpgc.es\/wp-content\/uploads\/2023\/06\/fotos-1024x418.png\" \/>\n<meta name=\"twitter:card\" content=\"summary_large_image\" \/>\n<meta name=\"twitter:label1\" content=\"Estimated reading time\" \/>\n\t<meta name=\"twitter:data1\" content=\"2 minutes\" \/>\n<script type=\"application\/ld+json\" class=\"yoast-schema-graph\">{\"@context\":\"https:\/\/schema.org\",\"@graph\":[{\"@type\":\"WebPage\",\"@id\":\"https:\/\/idetic.ulpgc.es\/investigacion\/division-de-redes-y-servicios-telematicos-dryst\/\",\"url\":\"https:\/\/idetic.ulpgc.es\/investigacion\/division-de-redes-y-servicios-telematicos-dryst\/\",\"name\":\"ULPGC &#8226; IDeTIC &#8226; Divisi\u00f3n de Redes y Servicios Telem\u00e1ticos (DRyST)\",\"isPartOf\":{\"@id\":\"https:\/\/idetic.ulpgc.es\/#website\"},\"primaryImageOfPage\":{\"@id\":\"https:\/\/idetic.ulpgc.es\/investigacion\/division-de-redes-y-servicios-telematicos-dryst\/#primaryimage\"},\"image\":{\"@id\":\"https:\/\/idetic.ulpgc.es\/investigacion\/division-de-redes-y-servicios-telematicos-dryst\/#primaryimage\"},\"thumbnailUrl\":\"https:\/\/idetic.ulpgc.es\/wp-content\/uploads\/2023\/06\/fotos-1024x418.png\",\"datePublished\":\"2023-03-22T15:37:47+00:00\",\"dateModified\":\"2024-07-31T08:21:21+00:00\",\"description\":\"IDeTIC - Divisi\u00f3n de Redes y Servicios Telem\u00e1ticos (DRYST)\",\"breadcrumb\":{\"@id\":\"https:\/\/idetic.ulpgc.es\/investigacion\/division-de-redes-y-servicios-telematicos-dryst\/#breadcrumb\"},\"inLanguage\":\"en-GB\",\"potentialAction\":[{\"@type\":\"ReadAction\",\"target\":[\"https:\/\/idetic.ulpgc.es\/investigacion\/division-de-redes-y-servicios-telematicos-dryst\/\"]}]},{\"@type\":\"ImageObject\",\"inLanguage\":\"en-GB\",\"@id\":\"https:\/\/idetic.ulpgc.es\/investigacion\/division-de-redes-y-servicios-telematicos-dryst\/#primaryimage\",\"url\":\"https:\/\/idetic.ulpgc.es\/wp-content\/uploads\/2023\/06\/fotos-1024x418.png\",\"contentUrl\":\"https:\/\/idetic.ulpgc.es\/wp-content\/uploads\/2023\/06\/fotos-1024x418.png\"},{\"@type\":\"BreadcrumbList\",\"@id\":\"https:\/\/idetic.ulpgc.es\/investigacion\/division-de-redes-y-servicios-telematicos-dryst\/#breadcrumb\",\"itemListElement\":[{\"@type\":\"ListItem\",\"position\":1,\"name\":\"Portada\",\"item\":\"https:\/\/idetic.ulpgc.es\/\"},{\"@type\":\"ListItem\",\"position\":2,\"name\":\"I+D+i\",\"item\":\"https:\/\/idetic.ulpgc.es\/investigacion\/\"},{\"@type\":\"ListItem\",\"position\":3,\"name\":\"Divisi\u00f3n de Redes y Servicios Telem\u00e1ticos (DRyST)\"}]},{\"@type\":\"WebSite\",\"@id\":\"https:\/\/idetic.ulpgc.es\/#website\",\"url\":\"https:\/\/idetic.ulpgc.es\/\",\"name\":\"IDeTIC\",\"description\":\"Instituto para el Desarrollo Tecnol\u00f3gico y la Innovaci\u00f3n en Comunicaciones ULPGC\",\"publisher\":{\"@id\":\"https:\/\/idetic.ulpgc.es\/#organization\"},\"potentialAction\":[{\"@type\":\"SearchAction\",\"target\":{\"@type\":\"EntryPoint\",\"urlTemplate\":\"https:\/\/idetic.ulpgc.es\/?s={search_term_string}\"},\"query-input\":\"required name=search_term_string\"}],\"inLanguage\":\"en-GB\"},{\"@type\":\"Organization\",\"@id\":\"https:\/\/idetic.ulpgc.es\/#organization\",\"name\":\"IDeTIC\",\"url\":\"https:\/\/idetic.ulpgc.es\/\",\"logo\":{\"@type\":\"ImageObject\",\"inLanguage\":\"en-GB\",\"@id\":\"https:\/\/idetic.ulpgc.es\/#\/schema\/logo\/image\/\",\"url\":\"https:\/\/idetic.ulpgc.es\/wp-content\/uploads\/2022\/02\/idetic_rev_hmr_acron_1.svg\",\"contentUrl\":\"https:\/\/idetic.ulpgc.es\/wp-content\/uploads\/2022\/02\/idetic_rev_hmr_acron_1.svg\",\"width\":410,\"height\":81,\"caption\":\"IDeTIC\"},\"image\":{\"@id\":\"https:\/\/idetic.ulpgc.es\/#\/schema\/logo\/image\/\"},\"sameAs\":[\"https:\/\/www.facebook.com\/people\/Idetic-Online\/100095266206729\/?locale=es_ES\"]}]}<\/script>\n<!-- \/ Yoast SEO plugin. -->","yoast_head_json":{"title":"ULPGC &#8226; IDeTIC &#8226; Divisi\u00f3n de Redes y Servicios Telem\u00e1ticos (DRyST)","description":"IDeTIC - Divisi\u00f3n de Redes y Servicios Telem\u00e1ticos (DRYST)","robots":{"index":"index","follow":"follow","max-snippet":"max-snippet:-1","max-image-preview":"max-image-preview:large","max-video-preview":"max-video-preview:-1"},"canonical":"https:\/\/idetic.ulpgc.es\/en\/investigacion\/division-de-redes-y-servicios-telematicos-dryst\/","og_locale":"en_GB","og_type":"article","og_title":"ULPGC &#8226; IDeTIC &#8226; Divisi\u00f3n de Redes y Servicios Telem\u00e1ticos (DRyST)","og_description":"IDeTIC - Divisi\u00f3n de Redes y Servicios Telem\u00e1ticos (DRYST)","og_url":"https:\/\/idetic.ulpgc.es\/en\/investigacion\/division-de-redes-y-servicios-telematicos-dryst\/","og_site_name":"IDeTIC","article_publisher":"https:\/\/www.facebook.com\/people\/Idetic-Online\/100095266206729\/?locale=es_ES","article_modified_time":"2024-07-31T08:21:21+00:00","og_image":[{"url":"https:\/\/idetic.ulpgc.es\/wp-content\/uploads\/2023\/06\/fotos-1024x418.png"}],"twitter_card":"summary_large_image","twitter_misc":{"Estimated reading time":"2 minutes"},"schema":{"@context":"https:\/\/schema.org","@graph":[{"@type":"WebPage","@id":"https:\/\/idetic.ulpgc.es\/investigacion\/division-de-redes-y-servicios-telematicos-dryst\/","url":"https:\/\/idetic.ulpgc.es\/investigacion\/division-de-redes-y-servicios-telematicos-dryst\/","name":"ULPGC &#8226; IDeTIC &#8226; Divisi\u00f3n de Redes y Servicios Telem\u00e1ticos (DRyST)","isPartOf":{"@id":"https:\/\/idetic.ulpgc.es\/#website"},"primaryImageOfPage":{"@id":"https:\/\/idetic.ulpgc.es\/investigacion\/division-de-redes-y-servicios-telematicos-dryst\/#primaryimage"},"image":{"@id":"https:\/\/idetic.ulpgc.es\/investigacion\/division-de-redes-y-servicios-telematicos-dryst\/#primaryimage"},"thumbnailUrl":"https:\/\/idetic.ulpgc.es\/wp-content\/uploads\/2023\/06\/fotos-1024x418.png","datePublished":"2023-03-22T15:37:47+00:00","dateModified":"2024-07-31T08:21:21+00:00","description":"IDeTIC - Divisi\u00f3n de Redes y Servicios Telem\u00e1ticos (DRYST)","breadcrumb":{"@id":"https:\/\/idetic.ulpgc.es\/investigacion\/division-de-redes-y-servicios-telematicos-dryst\/#breadcrumb"},"inLanguage":"en-GB","potentialAction":[{"@type":"ReadAction","target":["https:\/\/idetic.ulpgc.es\/investigacion\/division-de-redes-y-servicios-telematicos-dryst\/"]}]},{"@type":"ImageObject","inLanguage":"en-GB","@id":"https:\/\/idetic.ulpgc.es\/investigacion\/division-de-redes-y-servicios-telematicos-dryst\/#primaryimage","url":"https:\/\/idetic.ulpgc.es\/wp-content\/uploads\/2023\/06\/fotos-1024x418.png","contentUrl":"https:\/\/idetic.ulpgc.es\/wp-content\/uploads\/2023\/06\/fotos-1024x418.png"},{"@type":"BreadcrumbList","@id":"https:\/\/idetic.ulpgc.es\/investigacion\/division-de-redes-y-servicios-telematicos-dryst\/#breadcrumb","itemListElement":[{"@type":"ListItem","position":1,"name":"Portada","item":"https:\/\/idetic.ulpgc.es\/"},{"@type":"ListItem","position":2,"name":"I+D+i","item":"https:\/\/idetic.ulpgc.es\/investigacion\/"},{"@type":"ListItem","position":3,"name":"Divisi\u00f3n de Redes y Servicios Telem\u00e1ticos (DRyST)"}]},{"@type":"WebSite","@id":"https:\/\/idetic.ulpgc.es\/#website","url":"https:\/\/idetic.ulpgc.es\/","name":"IDeTIC","description":"Instituto para el Desarrollo Tecnol\u00f3gico y la Innovaci\u00f3n en Comunicaciones ULPGC","publisher":{"@id":"https:\/\/idetic.ulpgc.es\/#organization"},"potentialAction":[{"@type":"SearchAction","target":{"@type":"EntryPoint","urlTemplate":"https:\/\/idetic.ulpgc.es\/?s={search_term_string}"},"query-input":"required name=search_term_string"}],"inLanguage":"en-GB"},{"@type":"Organization","@id":"https:\/\/idetic.ulpgc.es\/#organization","name":"IDeTIC","url":"https:\/\/idetic.ulpgc.es\/","logo":{"@type":"ImageObject","inLanguage":"en-GB","@id":"https:\/\/idetic.ulpgc.es\/#\/schema\/logo\/image\/","url":"https:\/\/idetic.ulpgc.es\/wp-content\/uploads\/2022\/02\/idetic_rev_hmr_acron_1.svg","contentUrl":"https:\/\/idetic.ulpgc.es\/wp-content\/uploads\/2022\/02\/idetic_rev_hmr_acron_1.svg","width":410,"height":81,"caption":"IDeTIC"},"image":{"@id":"https:\/\/idetic.ulpgc.es\/#\/schema\/logo\/image\/"},"sameAs":["https:\/\/www.facebook.com\/people\/Idetic-Online\/100095266206729\/?locale=es_ES"]}]}},"_links":{"self":[{"href":"https:\/\/idetic.ulpgc.es\/en\/wp-json\/wp\/v2\/pages\/2990"}],"collection":[{"href":"https:\/\/idetic.ulpgc.es\/en\/wp-json\/wp\/v2\/pages"}],"about":[{"href":"https:\/\/idetic.ulpgc.es\/en\/wp-json\/wp\/v2\/types\/page"}],"author":[{"embeddable":true,"href":"https:\/\/idetic.ulpgc.es\/en\/wp-json\/wp\/v2\/users\/1"}],"replies":[{"embeddable":true,"href":"https:\/\/idetic.ulpgc.es\/en\/wp-json\/wp\/v2\/comments?post=2990"}],"version-history":[{"count":120,"href":"https:\/\/idetic.ulpgc.es\/en\/wp-json\/wp\/v2\/pages\/2990\/revisions"}],"predecessor-version":[{"id":4577,"href":"https:\/\/idetic.ulpgc.es\/en\/wp-json\/wp\/v2\/pages\/2990\/revisions\/4577"}],"up":[{"embeddable":true,"href":"https:\/\/idetic.ulpgc.es\/en\/wp-json\/wp\/v2\/pages\/1183"}],"wp:attachment":[{"href":"https:\/\/idetic.ulpgc.es\/en\/wp-json\/wp\/v2\/media?parent=2990"}],"curies":[{"name":"wp","href":"https:\/\/api.w.org\/{rel}","templated":true}]}}