{"id":2541,"date":"2022-10-10T10:01:34","date_gmt":"2022-10-10T10:01:34","guid":{"rendered":"https:\/\/idetic-desa.ulpgc.es\/?page_id=2541"},"modified":"2025-03-19T11:01:11","modified_gmt":"2025-03-19T11:01:11","slug":"docencia","status":"publish","type":"page","link":"https:\/\/idetic.ulpgc.es\/en\/docencia\/","title":{"rendered":"Docencia"},"content":{"rendered":"<div data-elementor-type=\"wp-page\" data-elementor-id=\"2541\" class=\"elementor elementor-2541\">\n\t\t\t\t\t\t<section class=\"elementor-section elementor-top-section elementor-element elementor-element-8b9a11e elementor-section-boxed elementor-section-height-default elementor-section-height-default\" data-id=\"8b9a11e\" data-element_type=\"section\">\n\t\t\t\t\t\t\t<div class=\"elementor-background-overlay\"><\/div>\n\t\t\t\t\t\t\t<div class=\"elementor-container elementor-column-gap-default\">\n\t\t\t\t\t<div class=\"elementor-column elementor-col-50 elementor-top-column elementor-element elementor-element-c4b1e4a\" data-id=\"c4b1e4a\" data-element_type=\"column\">\n\t\t\t<div class=\"elementor-widget-wrap elementor-element-populated\">\n\t\t\t\t\t\t<div class=\"elementor-element elementor-element-8163566 text-center elementor-widget elementor-widget-text-editor\" data-id=\"8163566\" data-element_type=\"widget\" data-widget_type=\"text-editor.default\">\n\t\t\t\t<div class=\"elementor-widget-container\">\n\t\t\t<style>\/*! elementor - v3.21.0 - 26-05-2024 *\/\n.elementor-widget-text-editor.elementor-drop-cap-view-stacked .elementor-drop-cap{background-color:#69727d;color:#fff}.elementor-widget-text-editor.elementor-drop-cap-view-framed .elementor-drop-cap{color:#69727d;border:3px solid;background-color:transparent}.elementor-widget-text-editor:not(.elementor-drop-cap-view-default) .elementor-drop-cap{margin-top:8px}.elementor-widget-text-editor:not(.elementor-drop-cap-view-default) .elementor-drop-cap-letter{width:1em;height:1em}.elementor-widget-text-editor .elementor-drop-cap{float:left;text-align:center;line-height:1;font-size:50px}.elementor-widget-text-editor .elementor-drop-cap-letter{display:inline-block}<\/style>\t\t\t\t<div style=\"background-color: #e3eaf0; border-radius: 5px;\">\n<h2 class=\"h3\" style=\"background-color: #e76237; padding: 30px 15px; color: white; margin-top: 0; border-radius: 5px 5px 0 0; line-height: 1.3; min-height: 90px; font-weight: bold;\">Doctorado<\/h2>\n<p style=\"padding: 15px 0px 20px 20px; text-align: left; color: grey; margin-bottom: 0;\">&nbsp;&nbsp; <a href=\"https:\/\/www2.ulpgc.es\/index.php?pagina=plan_estudio&amp;ver=wpe002&amp;codTitulacion=6024&amp;tipotitulacion=D\">EmITIC<\/a><\/p>\n<\/div>\t\t\t\t\t\t<\/div>\n\t\t\t\t<\/div>\n\t\t\t\t<div class=\"elementor-element elementor-element-3c54893 text-center elementor-widget elementor-widget-text-editor\" data-id=\"3c54893\" data-element_type=\"widget\" data-widget_type=\"text-editor.default\">\n\t\t\t\t<div class=\"elementor-widget-container\">\n\t\t\t\t\t\t\t<div style=\"background-color: #e3eaf0; border-radius: 5px;\">\n<h2 class=\"h3\" style=\"background-color: #e76237; padding: 30px 15px; color: white; margin-top: 0; border-radius: 5px 5px 0 0; line-height: 1.3; min-height: 90px; font-weight: bold;\">Master<\/h2>\n<p style=\"padding: 15px 0px 20px 20px; text-align: left; color: grey; margin-bottom: 0;\">BIMeTIC (en extinci\u00f3n)<\/p>\n<p style=\"padding: 15px 0px 20px 20px; text-align: left; color: grey; margin-bottom: 0;\">Documentaci\u00f3n:<\/p>\n<p style=\"padding: 15px 0px 20px 20px; text-align: left; color: grey; margin-bottom: 0;\">&#8211; <a href=\"https:\/\/idetic.ulpgc.es\/wp-content\/uploads\/2025\/03\/Capitulos-del-Verifica-BIMeTIC-1.zip\">Cap\u00edtulos del Verifica BIMeTIC<\/a><\/p>\n<p style=\"padding: 15px 0px 20px 20px; text-align: left; color: grey; margin-bottom: 0;\">&#8211; <a href=\"https:\/\/idetic.ulpgc.es\/wp-content\/uploads\/2025\/03\/Documentacion-adicional-ULPGC.zip\">Documentaci\u00f3n adicional ULPGC<\/a><\/p>\n<p style=\"padding: 15px 0px 20px 20px; text-align: left; color: grey; margin-bottom: 0;\">&#8211; <a href=\"https:\/\/idetic.ulpgc.es\/wp-content\/uploads\/2025\/03\/Plantillas-para-Realizacion-y-tramitacion-TFM-BIMetic.zip\">Plantillas para realizaci\u00f3n y tramitaci\u00f3n TFM BIMeTIC<\/a><\/p>\n<p style=\"padding: 15px 0px 20px 20px; text-align: left; color: grey; margin-bottom: 0;\">&#8211; <a href=\"https:\/\/idetic.ulpgc.es\/wp-content\/uploads\/2025\/03\/Reglamentos-TFT.zip\">Reglamentos TFT<\/a><\/p>\n<\/div>\t\t\t\t\t\t<\/div>\n\t\t\t\t<\/div>\n\t\t\t\t\t<\/div>\n\t\t<\/div>\n\t\t\t\t<div class=\"elementor-column elementor-col-50 elementor-top-column elementor-element elementor-element-2634eed\" data-id=\"2634eed\" data-element_type=\"column\">\n\t\t\t<div class=\"elementor-widget-wrap elementor-element-populated\">\n\t\t\t\t\t\t<div class=\"elementor-element elementor-element-a916951 text-center elementor-widget elementor-widget-text-editor\" data-id=\"a916951\" data-element_type=\"widget\" data-widget_type=\"text-editor.default\">\n\t\t\t\t<div class=\"elementor-widget-container\">\n\t\t\t\t\t\t\t<div style=\"background-color: #e3eaf0; border-radius: 5px;\">\n<h2 class=\"h3\" style=\"background-color: #e76237; padding: 30px 15px; color: white; margin-top: 0; border-radius: 5px 5px 0 0; line-height: 1.3; min-height: 90px; font-weight: bold;\">Expertos universitarios y Cursos de Extensi\u00f3n<\/h2>\n<p style=\"padding: 15px 0px 20px 20px; text-align: left; color: grey; margin-bottom: 0;\"><i class=\"fa fa-caret-right\" style=\"color: #e76237;\"><\/i>\u00a0\u00a0\u00a0<a style=\"color: #444 !important;\" href=\"#\">Proximamente<\/a><\/p>\n\n<\/div>\t\t\t\t\t\t<\/div>\n\t\t\t\t<\/div>\n\t\t\t\t<div class=\"elementor-element elementor-element-98d87f4 text-center elementor-widget elementor-widget-text-editor\" data-id=\"98d87f4\" data-element_type=\"widget\" data-widget_type=\"text-editor.default\">\n\t\t\t\t<div class=\"elementor-widget-container\">\n\t\t\t\t\t\t\t<div style=\"background-color: #e3eaf0; border-radius: 5px;\">\n<h2 class=\"h3\" style=\"background-color: #e76237; padding: 30px 15px; color: white; margin-top: 0; border-radius: 5px 5px 0 0; line-height: 1.3; min-height: 90px; font-weight: bold;\">Seminarios<\/h2>\n<p style=\"padding: 15px 0px 20px 20px; text-align: left; color: grey; margin-bottom: 0;\">&nbsp;&nbsp; <br><\/p>\n<\/div>\t\t\t\t\t\t<\/div>\n\t\t\t\t<\/div>\n\t\t\t\t\t<\/div>\n\t\t<\/div>\n\t\t\t\t\t<\/div>\n\t\t<\/section>\n\t\t\t\t<section class=\"elementor-section elementor-top-section elementor-element elementor-element-853b74e elementor-section-boxed elementor-section-height-default elementor-section-height-default\" data-id=\"853b74e\" data-element_type=\"section\">\n\t\t\t\t\t\t\t<div class=\"elementor-background-overlay\"><\/div>\n\t\t\t\t\t\t\t<div class=\"elementor-container elementor-column-gap-default\">\n\t\t\t\t\t<div class=\"elementor-column elementor-col-100 elementor-top-column elementor-element elementor-element-6e48c90\" data-id=\"6e48c90\" data-element_type=\"column\">\n\t\t\t<div class=\"elementor-widget-wrap elementor-element-populated\">\n\t\t\t\t\t\t<div class=\"elementor-element elementor-element-27a9f5b elementor-align-center elementor-widget elementor-widget-button\" data-id=\"27a9f5b\" data-element_type=\"widget\" data-widget_type=\"button.default\">\n\t\t\t\t<div class=\"elementor-widget-container\">\n\t\t\t\t\t<div class=\"elementor-button-wrapper\">\n\t\t\t<a class=\"elementor-button elementor-button-link elementor-size-sm\" href=\"https:\/\/idetic.ulpgc.es\/en\/sgc\/\">\n\t\t\t\t\t\t<span class=\"elementor-button-content-wrapper\">\n\t\t\t\t\t\t\t\t\t<span class=\"elementor-button-text\">Sistema de Garant\u00eda de Calidad<\/span>\n\t\t\t\t\t<\/span>\n\t\t\t\t\t<\/a>\n\t\t<\/div>\n\t\t\t\t<\/div>\n\t\t\t\t<\/div>\n\t\t\t\t\t<\/div>\n\t\t<\/div>\n\t\t\t\t\t<\/div>\n\t\t<\/section>\n\t\t\t\t<\/div>","protected":false},"excerpt":{"rendered":"<p>Doctorado &nbsp;&nbsp; EmITIC Master BIMeTIC (en extinci\u00f3n) Documentaci\u00f3n: &#8211; Cap\u00edtulos del Verifica BIMeTIC &#8211; Documentaci\u00f3n adicional ULPGC &#8211; Plantillas para realizaci\u00f3n y tramitaci\u00f3n TFM BIMeTIC &#8211; Reglamentos TFT Expertos universitarios y Cursos de Extensi\u00f3n \u00a0\u00a0\u00a0Proximamente Seminarios &nbsp;&nbsp; Sistema de Garant\u00eda de Calidad<\/p>","protected":false},"author":2,"featured_media":0,"parent":0,"menu_order":0,"comment_status":"closed","ping_status":"closed","template":"","meta":{"footnotes":""},"yoast_head":"<!-- This site is optimized with the Yoast SEO plugin v22.8 - https:\/\/yoast.com\/wordpress\/plugins\/seo\/ -->\n<title>ULPGC &#8226; IDeTIC &#8226; Docencia<\/title>\n<meta name=\"description\" content=\"Doctorado y Experto Universitario y Cursos de Extensi\u00f3n\" \/>\n<meta name=\"robots\" content=\"index, follow, max-snippet:-1, max-image-preview:large, max-video-preview:-1\" \/>\n<link rel=\"canonical\" href=\"https:\/\/idetic.ulpgc.es\/en\/docencia\/\" \/>\n<meta property=\"og:locale\" content=\"en_GB\" \/>\n<meta property=\"og:type\" content=\"article\" \/>\n<meta property=\"og:title\" content=\"ULPGC &#8226; IDeTIC &#8226; Docencia\" \/>\n<meta property=\"og:description\" content=\"Doctorado y Experto Universitario y Cursos de Extensi\u00f3n\" \/>\n<meta property=\"og:url\" content=\"https:\/\/idetic.ulpgc.es\/en\/docencia\/\" \/>\n<meta property=\"og:site_name\" content=\"IDeTIC\" \/>\n<meta property=\"article:publisher\" content=\"https:\/\/www.facebook.com\/people\/Idetic-Online\/100095266206729\/?locale=es_ES\" \/>\n<meta property=\"article:modified_time\" content=\"2025-03-19T11:01:11+00:00\" \/>\n<meta name=\"twitter:card\" content=\"summary_large_image\" \/>\n<meta name=\"twitter:label1\" content=\"Estimated reading time\" \/>\n\t<meta name=\"twitter:data1\" content=\"1 minute\" \/>\n<script type=\"application\/ld+json\" class=\"yoast-schema-graph\">{\"@context\":\"https:\/\/schema.org\",\"@graph\":[{\"@type\":\"WebPage\",\"@id\":\"https:\/\/idetic.ulpgc.es\/docencia\/\",\"url\":\"https:\/\/idetic.ulpgc.es\/docencia\/\",\"name\":\"ULPGC &#8226; IDeTIC &#8226; Docencia\",\"isPartOf\":{\"@id\":\"https:\/\/idetic.ulpgc.es\/#website\"},\"datePublished\":\"2022-10-10T10:01:34+00:00\",\"dateModified\":\"2025-03-19T11:01:11+00:00\",\"description\":\"Doctorado y Experto Universitario y Cursos de Extensi\u00f3n\",\"breadcrumb\":{\"@id\":\"https:\/\/idetic.ulpgc.es\/docencia\/#breadcrumb\"},\"inLanguage\":\"en-GB\",\"potentialAction\":[{\"@type\":\"ReadAction\",\"target\":[\"https:\/\/idetic.ulpgc.es\/docencia\/\"]}]},{\"@type\":\"BreadcrumbList\",\"@id\":\"https:\/\/idetic.ulpgc.es\/docencia\/#breadcrumb\",\"itemListElement\":[{\"@type\":\"ListItem\",\"position\":1,\"name\":\"Portada\",\"item\":\"https:\/\/idetic.ulpgc.es\/\"},{\"@type\":\"ListItem\",\"position\":2,\"name\":\"Docencia\"}]},{\"@type\":\"WebSite\",\"@id\":\"https:\/\/idetic.ulpgc.es\/#website\",\"url\":\"https:\/\/idetic.ulpgc.es\/\",\"name\":\"IDeTIC\",\"description\":\"Instituto para el Desarrollo Tecnol\u00f3gico y la Innovaci\u00f3n en Comunicaciones ULPGC\",\"publisher\":{\"@id\":\"https:\/\/idetic.ulpgc.es\/#organization\"},\"potentialAction\":[{\"@type\":\"SearchAction\",\"target\":{\"@type\":\"EntryPoint\",\"urlTemplate\":\"https:\/\/idetic.ulpgc.es\/?s={search_term_string}\"},\"query-input\":\"required name=search_term_string\"}],\"inLanguage\":\"en-GB\"},{\"@type\":\"Organization\",\"@id\":\"https:\/\/idetic.ulpgc.es\/#organization\",\"name\":\"IDeTIC\",\"url\":\"https:\/\/idetic.ulpgc.es\/\",\"logo\":{\"@type\":\"ImageObject\",\"inLanguage\":\"en-GB\",\"@id\":\"https:\/\/idetic.ulpgc.es\/#\/schema\/logo\/image\/\",\"url\":\"https:\/\/idetic.ulpgc.es\/wp-content\/uploads\/2022\/02\/idetic_rev_hmr_acron_1.svg\",\"contentUrl\":\"https:\/\/idetic.ulpgc.es\/wp-content\/uploads\/2022\/02\/idetic_rev_hmr_acron_1.svg\",\"width\":410,\"height\":81,\"caption\":\"IDeTIC\"},\"image\":{\"@id\":\"https:\/\/idetic.ulpgc.es\/#\/schema\/logo\/image\/\"},\"sameAs\":[\"https:\/\/www.facebook.com\/people\/Idetic-Online\/100095266206729\/?locale=es_ES\"]}]}<\/script>\n<!-- \/ Yoast SEO plugin. -->","yoast_head_json":{"title":"ULPGC &#8226; IDeTIC &#8226; Docencia","description":"Doctorado y Experto Universitario y Cursos de Extensi\u00f3n","robots":{"index":"index","follow":"follow","max-snippet":"max-snippet:-1","max-image-preview":"max-image-preview:large","max-video-preview":"max-video-preview:-1"},"canonical":"https:\/\/idetic.ulpgc.es\/en\/docencia\/","og_locale":"en_GB","og_type":"article","og_title":"ULPGC &#8226; IDeTIC &#8226; Docencia","og_description":"Doctorado y Experto Universitario y Cursos de Extensi\u00f3n","og_url":"https:\/\/idetic.ulpgc.es\/en\/docencia\/","og_site_name":"IDeTIC","article_publisher":"https:\/\/www.facebook.com\/people\/Idetic-Online\/100095266206729\/?locale=es_ES","article_modified_time":"2025-03-19T11:01:11+00:00","twitter_card":"summary_large_image","twitter_misc":{"Estimated reading time":"1 minute"},"schema":{"@context":"https:\/\/schema.org","@graph":[{"@type":"WebPage","@id":"https:\/\/idetic.ulpgc.es\/docencia\/","url":"https:\/\/idetic.ulpgc.es\/docencia\/","name":"ULPGC &#8226; IDeTIC &#8226; Docencia","isPartOf":{"@id":"https:\/\/idetic.ulpgc.es\/#website"},"datePublished":"2022-10-10T10:01:34+00:00","dateModified":"2025-03-19T11:01:11+00:00","description":"Doctorado y Experto Universitario y Cursos de Extensi\u00f3n","breadcrumb":{"@id":"https:\/\/idetic.ulpgc.es\/docencia\/#breadcrumb"},"inLanguage":"en-GB","potentialAction":[{"@type":"ReadAction","target":["https:\/\/idetic.ulpgc.es\/docencia\/"]}]},{"@type":"BreadcrumbList","@id":"https:\/\/idetic.ulpgc.es\/docencia\/#breadcrumb","itemListElement":[{"@type":"ListItem","position":1,"name":"Portada","item":"https:\/\/idetic.ulpgc.es\/"},{"@type":"ListItem","position":2,"name":"Docencia"}]},{"@type":"WebSite","@id":"https:\/\/idetic.ulpgc.es\/#website","url":"https:\/\/idetic.ulpgc.es\/","name":"IDeTIC","description":"Instituto para el Desarrollo Tecnol\u00f3gico y la Innovaci\u00f3n en Comunicaciones ULPGC","publisher":{"@id":"https:\/\/idetic.ulpgc.es\/#organization"},"potentialAction":[{"@type":"SearchAction","target":{"@type":"EntryPoint","urlTemplate":"https:\/\/idetic.ulpgc.es\/?s={search_term_string}"},"query-input":"required name=search_term_string"}],"inLanguage":"en-GB"},{"@type":"Organization","@id":"https:\/\/idetic.ulpgc.es\/#organization","name":"IDeTIC","url":"https:\/\/idetic.ulpgc.es\/","logo":{"@type":"ImageObject","inLanguage":"en-GB","@id":"https:\/\/idetic.ulpgc.es\/#\/schema\/logo\/image\/","url":"https:\/\/idetic.ulpgc.es\/wp-content\/uploads\/2022\/02\/idetic_rev_hmr_acron_1.svg","contentUrl":"https:\/\/idetic.ulpgc.es\/wp-content\/uploads\/2022\/02\/idetic_rev_hmr_acron_1.svg","width":410,"height":81,"caption":"IDeTIC"},"image":{"@id":"https:\/\/idetic.ulpgc.es\/#\/schema\/logo\/image\/"},"sameAs":["https:\/\/www.facebook.com\/people\/Idetic-Online\/100095266206729\/?locale=es_ES"]}]}},"_links":{"self":[{"href":"https:\/\/idetic.ulpgc.es\/en\/wp-json\/wp\/v2\/pages\/2541"}],"collection":[{"href":"https:\/\/idetic.ulpgc.es\/en\/wp-json\/wp\/v2\/pages"}],"about":[{"href":"https:\/\/idetic.ulpgc.es\/en\/wp-json\/wp\/v2\/types\/page"}],"author":[{"embeddable":true,"href":"https:\/\/idetic.ulpgc.es\/en\/wp-json\/wp\/v2\/users\/2"}],"replies":[{"embeddable":true,"href":"https:\/\/idetic.ulpgc.es\/en\/wp-json\/wp\/v2\/comments?post=2541"}],"version-history":[{"count":122,"href":"https:\/\/idetic.ulpgc.es\/en\/wp-json\/wp\/v2\/pages\/2541\/revisions"}],"predecessor-version":[{"id":4988,"href":"https:\/\/idetic.ulpgc.es\/en\/wp-json\/wp\/v2\/pages\/2541\/revisions\/4988"}],"wp:attachment":[{"href":"https:\/\/idetic.ulpgc.es\/en\/wp-json\/wp\/v2\/media?parent=2541"}],"curies":[{"name":"wp","href":"https:\/\/api.w.org\/{rel}","templated":true}]}}